{"id":114,"date":"2019-10-31T18:40:32","date_gmt":"2019-10-31T18:40:32","guid":{"rendered":"https:\/\/svg-converter.com\/?page_id=114"},"modified":"2021-01-14T17:04:47","modified_gmt":"2021-01-14T17:04:47","slug":"resize","status":"publish","type":"page","link":"https:\/\/svg-converter.com\/de\/resize","title":{"rendered":"\u00c4ndern der Gr\u00f6\u00dfe mehrerer SVGs auf einmal"},"content":{"rendered":"\n<div class=\"row\">\r\n\t<div id=\"file-container\" class=\"drop-area\">\r\n\t<div class=\"inner-content text-center\" id=\"zbasic\">\r\n\t<button type=\"button\" class=\"btn btn-primary\" align=\"center\">Bilddateien hinzuf\u00fcgen<\/button> \r\n\t<input type=\"file\" name=\"file\" id=\"file\" class=\"inputfile\" multiple=\"\">\r\n\t<h5 align=\"center\" style=\"margin-top: 20px;\"><label for=\"file\" class=\"label-picker\"><em>Klicken Sie hier, um Dateien auszuw\u00e4hlen<\/em><\/label><br\/> oder Lass sie hier fallen<\/h5>\r\n\t<h6 align=\"center\">Bis zu 50 Dateien<\/h6>\r\n\t<\/div><\/div>\r\n\t<\/div>\r\n\t<script async src=\"https:\/\/pagead2.googlesyndication.com\/pagead\/js\/adsbygoogle.js?client=ca-pub-7958472158675518\"\r\n     crossorigin=\"anonymous\"><\/script>\r\n<!-- svg-converter.com - aftertop -->\r\n<ins class=\"adsbygoogle\"\r\n     style=\"display:block\"\r\n     data-ad-client=\"ca-pub-7958472158675518\"\r\n     data-ad-slot=\"6840284327\"\r\n     data-ad-format=\"auto\"\r\n     data-full-width-responsive=\"true\"><\/ins>\r\n<script>\r\n     (adsbygoogle = window.adsbygoogle || []).push({});\r\n<\/script>\r\n\t<div class=\"table-responsive\">\r\n\t<table id=\"filelist\" class=\"table table-sm\" style=\"display:none\">\r\n\t  <thead>\r\n\t\t<tr class=\"d-flex\">\r\n\t\t  <th class=\"col-1\">#<\/th><th class=\"col-4\">Quelldatei<\/th><th class=\"col-2\">Gr\u00f6\u00dfe<\/th><th class=\"col-5\">Status<\/th>\r\n\t\t<\/tr>\r\n\t  <\/thead>\r\n\t  <tbody>\r\n\t  <\/tbody>\r\n\t<\/table>\r\n\t<\/div>\r\n\t<form name=\"settings\" id=\"settings\">\r\n\t<input type=\"hidden\" id=\"type_converter\" name=\"type_converter\" value=\"svg\">\r\n\t\t<div class=\"card\">\r\n\t\t\t<div class=\"card-body\">\r\n\n<input type=\"hidden\" id=\"target\" name=\"target\" value=\"SVG\">\n<input type=\"hidden\" id=\"type_tracert\" name=\"type_tracert\" value=\"only_resize\">\n<div class=\"form-group row\" id=\"resize\"> <label for=\"size\" class=\"col-sm-4 col-form-label\">Set new size:<\/label><div class=\"col-sm-4\"> <input type=\"text\" name=\"width\" id=\"width\" class=\"form-control\" placeholder=\"Neue Breite einstellen, px\"><\/div><div class=\"col-sm-4\"> <input type=\"text\" name=\"height\" id=\"height\" class=\"form-control\" placeholder=\"Neue H\u00f6he einstellen, px\"><\/div><\/div>\n<div class=\"form-group row\"> <label for=\"size\" class=\"col-sm-4 col-form-label\">Seitenverh\u00e4ltnis beibehalten<\/label><div class=\"col-sm-8\"> <input type=\"checkbox\" class=\"form-check-input forminput\" name=\"ratio\" id=\"ratio\" style=\"margin-left: 0;margin-top: 0.75rem;\" value=\"keep\" checked=\"\"> <label class=\"form-check-label\" for=\"ratio\"><\/label><\/div><\/div>\n<div class=\"form-check text-center\" style=\"margin-bottom:20px;\">\r\n\t<input type=\"checkbox\" id=\"start\" class=\"form-check-input\" checked onclick=\"ButtonConvert();\">\r\n\t<label class=\"form-check-label\" for=\"start\"><strong>Automatisch starten<\/strong><\/label>\r\n\t<\/div>\r\n<div class=\"form-check text-center\" style=\"margin-bottom:20px;\">\r\n\t<input type=\"checkbox\" checked disabled class=\"form-check-input\" id=\"consent\" style=\"margin-left: 0;\" onclick=\"EnableButton();\">\r\n\t<label class=\"form-check-label\" for=\"consent\" style=\"margin-left: 20px;\r\n\">Ich bin damit einverstanden, meine Daten aus diesem Formular gem\u00e4\u00df den Datenschutzbestimmungen und Nutzungsbedingungen zu erheben, zu speichern und zu verarbeiten.<\/label>\r\n<\/div><\/form><\/div><\/div><p align=\"center\" style=\"margin-top:20px;\"><button type=\"button\" id=\"btnconvert\" class=\"btn btn-primary btn-lg\" disabled style=\"display: none; \" onclick=\"convert_all();\">Convert<\/button><\/p>\n<div class=\"row\"><div id=\"fbHolder\" class=\"col align-self-center\" style=\"text-align: center;padding-bottom: 20px;\"><\/div><\/div><br\/>\n\n\n\n<h3 class=\"wp-block-heading\">Wie man die Gr\u00f6\u00dfe von SVG Schritt f\u00fcr Schritt \u00e4ndert:<\/h3>\n\n\n\n<ul class=\"wp-block-list\"><li>Klicken Sie auf \"Durchsuchen\", um SVG auszuw\u00e4hlen, oder ziehen Sie es einfach in das Feld.<\/li><li>Warte, bis dein Bild hochgeladen und in der Gr\u00f6\u00dfe ver\u00e4ndert wurde.<\/li><li>Klicken Sie auf den Link \"Download\u2026.\" oder auf \"Info\", um das Ergebnis zu teilen. <\/li><li>Laden Sie Dateien mit Gr\u00f6\u00dfen\u00e4nderung herunter oder speichern Sie sie auf Ihrem Cloud-Speicher.<\/li><\/ul>\n\n\n\n<p class=\"has-text-align-center\"><em>Bitte beachten Sie, dass die Ausgabedateien innerhalb einer Stunde automatisch von unserem Server gel\u00f6scht werden. Laden Sie sie auf Ihren Computer herunter oder speichern Sie sie auf Ihrem Google Drive oder Dropbox. Sie k\u00f6nnen auch den QR-Code des Bildes scannen, um konvertierte Dateien sofort auf Ihrem mobilen Ger\u00e4t zu speichern. <\/em><\/p>\n\n\n\n<div class=\"wp-block-columns has-3-columns is-layout-flex wp-container-core-columns-is-layout-28f84493 wp-block-columns-is-layout-flex\">\n<div class=\"wp-block-column is-layout-flow wp-block-column-is-layout-flow\">\n<h4 class=\"has-text-align-center wp-block-heading\">Bewahren Sie Ihre Dateien sicher auf<\/h4>\n\n\n\n<p class=\"has-text-align-center\">Wir stellen sicher, dass Ihre auf unsere Website hochgeladenen Bilder sicher und gesch\u00fctzt sind. Nach der Konvertierung wird die eindeutige URL nach einer Stunde ung\u00fcltig, und Dateien werden innerhalb einer Stunde von unserem Server gel\u00f6scht.  <\/p>\n<\/div>\n\n\n\n<div class=\"wp-block-column is-layout-flow wp-block-column-is-layout-flow\">\n<h4 class=\"has-text-align-center wp-block-heading\">F\u00fcr Anf\u00e4nger und Profis<\/h4>\n\n\n\n<p class=\"has-text-align-center\">Sie k\u00f6nnen die volle Gr\u00f6\u00dfe oder nur die H\u00f6he oder Breite angeben. Behalten Sie das Seitenverh\u00e4ltnis bei oder nicht.<\/p>\n<\/div>\n\n\n\n<div class=\"wp-block-column is-layout-flow wp-block-column-is-layout-flow\">\n<h4 class=\"has-text-align-center wp-block-heading\">Kein Herunterladen von Software erforderlich<\/h4>\n\n\n\n<p class=\"has-text-align-center\">Es gibt eine Vielzahl von Tracing-Anwendungen, wir machen es problemlos, w\u00e4hlen einfach die Datei aus, laden sie hoch und laden das Ergebnis herunter! <\/p>\n<\/div>\n<\/div>\n\n\n\n<div class=\"wp-block-columns has-3-columns is-layout-flex wp-container-core-columns-is-layout-28f84493 wp-block-columns-is-layout-flex\">\n<div class=\"wp-block-column is-layout-flow wp-block-column-is-layout-flow\">\n<h4 class=\"has-text-align-center wp-block-heading\">V\u00f6llig kostenlos<\/h4>\n\n\n\n<p class=\"has-text-align-center\">Wir bieten diesen Service so an, wie er ist. Es ist v\u00f6llig kostenlos, aber Sie k\u00f6nnen eine kleine Spende machen, wenn wir Ihnen Zeit sparen. <\/p>\n<\/div>\n\n\n\n<div class=\"wp-block-column is-layout-flow wp-block-column-is-layout-flow\">\n<h4 class=\"has-text-align-center wp-block-heading\">Sag keine Registrierung<\/h4>\n\n\n\n<p class=\"has-text-align-center\">Wir ben\u00f6tigen Ihre E-Mail-Adresse, Ihren Namen, Ihren Standort oder andere personenbezogene Daten nicht. Wir erheben nur unpers\u00f6nliche Besucherdaten. <\/p>\n<\/div>\n\n\n\n<div class=\"wp-block-column is-layout-flow wp-block-column-is-layout-flow\">\n<h4 class=\"has-text-align-center wp-block-heading\">Einfach zu bedienen<\/h4>\n\n\n\n<p class=\"has-text-align-center\">W\u00e4hlen Sie einfach Bilder auf Ihrem Computer aus oder ziehen Sie sie, um die Gr\u00f6\u00dfe zu \u00e4ndern. Ja, es ist so einfach.   <\/p>\n<\/div>\n<\/div>\n\n\n\n<h3 class=\"wp-block-heading\">Fragen und Antworten<\/h3>\n\n\n\n<h5 class=\"wp-block-heading\">F: Was kann ich mit diesem Service machen?<\/h5>\n\n\n\n<p>Sie k\u00f6nnen die Gr\u00f6\u00dfe Ihrer SVG-Bilder \u00e4ndern.<\/p>\n\n\n\n<h5 class=\"wp-block-heading\">F: Was ist SVG?<\/h5>\n\n\n\n<p>SVG (Scalable Vector Graphics) ist eine skalierbare Vektorgrafiksprache, die vom World Wide Web Consortium (W3C) entwickelt wurde und auf dem XML-Format basiert und zur Beschreibung von 2D-Vektor- und gemischten Vektor\/Rastergrafiken entwickelt wurde. Unterst\u00fctzt sowohl feste als auch animierte interaktive Grafiken - oder, anders ausgedr\u00fcckt, deklarative und Skriptgrafiken. Dies ist ein offener Standard, der eine Empfehlung des W3C-Konsortiums ist. Es wird seit 1999 entwickelt. Im Jahr 2001 wurde die Version 1.0 ver\u00f6ffentlicht, im Jahr 2011 die aktuell g\u00fcltige Version 1.1.<\/p>\n\n\n\n<h5 class=\"wp-block-heading\">F: Warum brauche ich SVG \u00fcberhaupt?<\/h5>\n\n\n\n<p>Da das SVG-Format offen und zur Verwendung empfohlen ist, ist dieses Format die beste Option, wenn Sie mit dem Vektor arbeiten. Hier sind einige seiner Vorteile:<\/p>\n\n\n\n<ul class=\"wp-block-list\"><li>Kleine Dateigr\u00f6\u00dfen. Und da es von Natur aus textbasiert ist, erm\u00f6glicht es Ihnen, gute Komprimierungsergebnisse zu erzielen;<\/li><li>Jeder Vektor ist gut skaliert, so dass Ihre Grafiken auf jedem Bildschirm gut aussehen; <\/li><li>Es werden eine gro\u00dfe Anzahl von Filtern unterst\u00fctzt und Sie k\u00f6nnen interaktive Elemente verwenden. All dies f\u00fchrt zu einem sehr einzigartigen SVG-Format.<\/li><\/ul>\n\n\n\n<h5 class=\"wp-block-heading\">F: Was ist, wenn ich eine riesige SVG-Datei habe, was mache ich als n\u00e4chstes?<\/h5>\n\n\n\n<p>Probieren Sie zun\u00e4chst verschiedene Einstellungen aus.<\/p>\n\n\n\n<p>Gew\u00f6hnlich wird das riesige Format nur auf fotografischen Bildern erreicht. Aber wenn die Gr\u00f6\u00dfe nicht zu Ihnen passt, versuchen Sie zun\u00e4chst, eine Optimierung durchzuf\u00fchren. Hierf\u00fcr haben wir einen gro\u00dfartigen Service: <a href=\"https:\/\/svg-converter.com\/de\/minify\">SVG Optimierung<\/a>.<\/p>\n","protected":false},"excerpt":{"rendered":"Set new size: Seitenverh\u00e4ltnis beibehalten Wie man die Gr\u00f6\u00dfe von SVG Schritt f\u00fcr Schritt \u00e4ndert: Klicken Sie auf &#8222;Durchsuchen&#8220;, um SVG auszuw\u00e4hlen, oder ziehen Sie es einfach in das Feld.Warte, bis dein Bild hochgeladen und in der Gr\u00f6\u00dfe ver\u00e4ndert wurde.Klicken Sie auf den Link &#8222;Download\u2026.&#8220; oder auf &#8222;Info&#8220;, um das Ergebnis zu teilen. Laden Sie [&hellip;]","protected":false},"author":1,"featured_media":0,"parent":0,"menu_order":0,"comment_status":"closed","ping_status":"closed","template":"page-templates\/no-sidebar.php","meta":{"_uag_custom_page_level_css":"","site-sidebar-layout":"default","site-content-layout":"","ast-site-content-layout":"default","site-content-style":"default","site-sidebar-style":"default","ast-global-header-display":"","ast-banner-title-visibility":"","ast-main-header-display":"","ast-hfb-above-header-display":"","ast-hfb-below-header-display":"","ast-hfb-mobile-header-display":"","site-post-title":"","ast-breadcrumbs-content":"","ast-featured-img":"","footer-sml-layout":"","ast-disable-related-posts":"","theme-transparent-header-meta":"","adv-header-id-meta":"","stick-header-meta":"","header-above-stick-meta":"","header-main-stick-meta":"","header-below-stick-meta":"","astra-migrate-meta-layouts":"default","ast-page-background-enabled":"default","ast-page-background-meta":{"desktop":{"background-color":"","background-image":"","background-repeat":"repeat","background-position":"center center","background-size":"auto","background-attachment":"scroll","background-type":"","background-media":"","overlay-type":"","overlay-color":"","overlay-opacity":"","overlay-gradient":""},"tablet":{"background-color":"","background-image":"","background-repeat":"repeat","background-position":"center center","background-size":"auto","background-attachment":"scroll","background-type":"","background-media":"","overlay-type":"","overlay-color":"","overlay-opacity":"","overlay-gradient":""},"mobile":{"background-color":"","background-image":"","background-repeat":"repeat","background-position":"center center","background-size":"auto","background-attachment":"scroll","background-type":"","background-media":"","overlay-type":"","overlay-color":"","overlay-opacity":"","overlay-gradient":""}},"ast-content-background-meta":{"desktop":{"background-color":"var(--ast-global-color-5)","background-image":"","background-repeat":"repeat","background-position":"center center","background-size":"auto","background-attachment":"scroll","background-type":"","background-media":"","overlay-type":"","overlay-color":"","overlay-opacity":"","overlay-gradient":""},"tablet":{"background-color":"var(--ast-global-color-5)","background-image":"","background-repeat":"repeat","background-position":"center center","background-size":"auto","background-attachment":"scroll","background-type":"","background-media":"","overlay-type":"","overlay-color":"","overlay-opacity":"","overlay-gradient":""},"mobile":{"background-color":"var(--ast-global-color-5)","background-image":"","background-repeat":"repeat","background-position":"center center","background-size":"auto","background-attachment":"scroll","background-type":"","background-media":"","overlay-type":"","overlay-color":"","overlay-opacity":"","overlay-gradient":""}},"footnotes":""},"class_list":["post-114","page","type-page","status-publish","hentry"],"yoast_head":"<!-- This site is optimized with the Yoast SEO plugin v27.5 - https:\/\/yoast.com\/product\/yoast-seo-wordpress\/ -->\n<title>\u00c4ndern Sie die Gr\u00f6\u00dfe mehrerer SVG-Dateien auf einmal<\/title>\n<meta name=\"description\" content=\"\u00c4ndern Sie die Gr\u00f6\u00dfe Ihrer SVG-Dateien im Bulk-Modus. Neue Gr\u00f6\u00dfe in Pixel festlegen. Sie k\u00f6nnen die Proportionen beibehalten oder die Gr\u00f6\u00dfe vollst\u00e4ndig festlegen.\" \/>\n<meta name=\"robots\" content=\"index, follow, max-snippet:-1, max-image-preview:large, max-video-preview:-1\" \/>\n<link rel=\"canonical\" href=\"https:\/\/svg-converter.com\/de\/resize\" \/>\n<meta property=\"og:locale\" content=\"de_DE\" \/>\n<meta property=\"og:type\" content=\"article\" \/>\n<meta property=\"og:title\" content=\"\u00c4ndern Sie die Gr\u00f6\u00dfe mehrerer SVG-Dateien auf einmal\" \/>\n<meta property=\"og:description\" content=\"\u00c4ndern Sie die Gr\u00f6\u00dfe Ihrer SVG-Dateien im Bulk-Modus. Neue Gr\u00f6\u00dfe in Pixel festlegen. Sie k\u00f6nnen die Proportionen beibehalten oder die Gr\u00f6\u00dfe vollst\u00e4ndig festlegen.\" \/>\n<meta property=\"og:url\" content=\"https:\/\/svg-converter.com\/de\/resize\" \/>\n<meta property=\"og:site_name\" content=\"SVG-Konverter\" \/>\n<meta property=\"article:modified_time\" content=\"2021-01-14T17:04:47+00:00\" \/>\n<meta name=\"twitter:card\" content=\"summary_large_image\" \/>\n<meta name=\"twitter:label1\" content=\"Gesch\u00e4tzte Lesezeit\" \/>\n\t<meta name=\"twitter:data1\" content=\"3\u00a0Minuten\" \/>\n<script type=\"application\/ld+json\" class=\"yoast-schema-graph\">{\"@context\":\"https:\\\/\\\/schema.org\",\"@graph\":[{\"@type\":\"WebPage\",\"@id\":\"https:\\\/\\\/svg-converter.com\\\/de\\\/resize\",\"url\":\"https:\\\/\\\/svg-converter.com\\\/de\\\/resize\",\"name\":\"\u00c4ndern Sie die Gr\u00f6\u00dfe mehrerer SVG-Dateien auf einmal\",\"isPartOf\":{\"@id\":\"https:\\\/\\\/svg-converter.com\\\/de\\\/#website\"},\"datePublished\":\"2019-10-31T18:40:32+00:00\",\"dateModified\":\"2021-01-14T17:04:47+00:00\",\"description\":\"\u00c4ndern Sie die Gr\u00f6\u00dfe Ihrer SVG-Dateien im Bulk-Modus. Neue Gr\u00f6\u00dfe in Pixel festlegen. Sie k\u00f6nnen die Proportionen beibehalten oder die Gr\u00f6\u00dfe vollst\u00e4ndig festlegen.\",\"inLanguage\":\"de\",\"potentialAction\":[{\"@type\":\"ReadAction\",\"target\":[\"https:\\\/\\\/svg-converter.com\\\/de\\\/resize\"]}]},{\"@type\":\"WebSite\",\"@id\":\"https:\\\/\\\/svg-converter.com\\\/de\\\/#website\",\"url\":\"https:\\\/\\\/svg-converter.com\\\/de\\\/\",\"name\":\"SVG-Konverter\",\"description\":\"\",\"potentialAction\":[{\"@type\":\"SearchAction\",\"target\":{\"@type\":\"EntryPoint\",\"urlTemplate\":\"https:\\\/\\\/svg-converter.com\\\/de\\\/?s={search_term_string}\"},\"query-input\":{\"@type\":\"PropertyValueSpecification\",\"valueRequired\":true,\"valueName\":\"search_term_string\"}}],\"inLanguage\":\"de\"}]}<\/script>\n<!-- \/ Yoast SEO plugin. -->","yoast_head_json":{"title":"\u00c4ndern Sie die Gr\u00f6\u00dfe mehrerer SVG-Dateien auf einmal","description":"\u00c4ndern Sie die Gr\u00f6\u00dfe Ihrer SVG-Dateien im Bulk-Modus. Neue Gr\u00f6\u00dfe in Pixel festlegen. Sie k\u00f6nnen die Proportionen beibehalten oder die Gr\u00f6\u00dfe vollst\u00e4ndig festlegen.","robots":{"index":"index","follow":"follow","max-snippet":"max-snippet:-1","max-image-preview":"max-image-preview:large","max-video-preview":"max-video-preview:-1"},"canonical":"https:\/\/svg-converter.com\/de\/resize","og_locale":"de_DE","og_type":"article","og_title":"\u00c4ndern Sie die Gr\u00f6\u00dfe mehrerer SVG-Dateien auf einmal","og_description":"\u00c4ndern Sie die Gr\u00f6\u00dfe Ihrer SVG-Dateien im Bulk-Modus. Neue Gr\u00f6\u00dfe in Pixel festlegen. Sie k\u00f6nnen die Proportionen beibehalten oder die Gr\u00f6\u00dfe vollst\u00e4ndig festlegen.","og_url":"https:\/\/svg-converter.com\/de\/resize","og_site_name":"SVG-Konverter","article_modified_time":"2021-01-14T17:04:47+00:00","twitter_card":"summary_large_image","twitter_misc":{"Gesch\u00e4tzte Lesezeit":"3\u00a0Minuten"},"schema":{"@context":"https:\/\/schema.org","@graph":[{"@type":"WebPage","@id":"https:\/\/svg-converter.com\/de\/resize","url":"https:\/\/svg-converter.com\/de\/resize","name":"\u00c4ndern Sie die Gr\u00f6\u00dfe mehrerer SVG-Dateien auf einmal","isPartOf":{"@id":"https:\/\/svg-converter.com\/de\/#website"},"datePublished":"2019-10-31T18:40:32+00:00","dateModified":"2021-01-14T17:04:47+00:00","description":"\u00c4ndern Sie die Gr\u00f6\u00dfe Ihrer SVG-Dateien im Bulk-Modus. Neue Gr\u00f6\u00dfe in Pixel festlegen. Sie k\u00f6nnen die Proportionen beibehalten oder die Gr\u00f6\u00dfe vollst\u00e4ndig festlegen.","inLanguage":"de","potentialAction":[{"@type":"ReadAction","target":["https:\/\/svg-converter.com\/de\/resize"]}]},{"@type":"WebSite","@id":"https:\/\/svg-converter.com\/de\/#website","url":"https:\/\/svg-converter.com\/de\/","name":"SVG-Konverter","description":"","potentialAction":[{"@type":"SearchAction","target":{"@type":"EntryPoint","urlTemplate":"https:\/\/svg-converter.com\/de\/?s={search_term_string}"},"query-input":{"@type":"PropertyValueSpecification","valueRequired":true,"valueName":"search_term_string"}}],"inLanguage":"de"}]}},"uagb_featured_image_src":{"full":false,"thumbnail":false,"medium":false,"medium_large":false,"large":false,"1536x1536":false,"2048x2048":false},"uagb_author_info":{"display_name":"admin","author_link":"https:\/\/svg-converter.com\/de\/blog\/author\/admin"},"uagb_comment_info":0,"uagb_excerpt":"Set new size: Seitenverh\u00e4ltnis beibehalten Wie man die Gr\u00f6\u00dfe von SVG Schritt f\u00fcr Schritt \u00e4ndert: Klicken Sie auf \"Durchsuchen\", um SVG auszuw\u00e4hlen, oder ziehen Sie es einfach in das Feld.Warte, bis dein Bild hochgeladen und in der Gr\u00f6\u00dfe ver\u00e4ndert wurde.Klicken Sie auf den Link \"Download\u2026.\" oder auf \"Info\", um das Ergebnis zu teilen. Laden Sie&hellip;","_links":{"self":[{"href":"https:\/\/svg-converter.com\/de\/wp-json\/wp\/v2\/pages\/114","targetHints":{"allow":["GET"]}}],"collection":[{"href":"https:\/\/svg-converter.com\/de\/wp-json\/wp\/v2\/pages"}],"about":[{"href":"https:\/\/svg-converter.com\/de\/wp-json\/wp\/v2\/types\/page"}],"author":[{"embeddable":true,"href":"https:\/\/svg-converter.com\/de\/wp-json\/wp\/v2\/users\/1"}],"replies":[{"embeddable":true,"href":"https:\/\/svg-converter.com\/de\/wp-json\/wp\/v2\/comments?post=114"}],"version-history":[{"count":6,"href":"https:\/\/svg-converter.com\/de\/wp-json\/wp\/v2\/pages\/114\/revisions"}],"predecessor-version":[{"id":169,"href":"https:\/\/svg-converter.com\/de\/wp-json\/wp\/v2\/pages\/114\/revisions\/169"}],"wp:attachment":[{"href":"https:\/\/svg-converter.com\/de\/wp-json\/wp\/v2\/media?parent=114"}],"curies":[{"name":"wp","href":"https:\/\/api.w.org\/{rel}","templated":true}]}}