{"id":157,"date":"2019-11-10T17:51:03","date_gmt":"2019-11-10T17:51:03","guid":{"rendered":"https:\/\/svg-converter.com\/de\/?page_id=157"},"modified":"2021-01-14T17:08:40","modified_gmt":"2021-01-14T17:08:40","slug":"minify","status":"publish","type":"page","link":"https:\/\/svg-converter.com\/de\/minify","title":{"rendered":"SVG verkleinern"},"content":{"rendered":"\n<div class=\"row\">\r\n\t<div id=\"file-container\" class=\"drop-area\">\r\n\t<div class=\"inner-content text-center\" id=\"zbasic\">\r\n\t<button type=\"button\" class=\"btn btn-primary\" align=\"center\">SVG hinzuf\u00fcgen<\/button> \r\n\t<input type=\"file\" name=\"file\" id=\"file\" class=\"inputfile\" multiple=\"\">\r\n\t<h5 align=\"center\" style=\"margin-top: 20px;\"><label for=\"file\" class=\"label-picker\"><em>Klicken Sie hier, um Dateien auszuw\u00e4hlen<\/em><\/label><br\/> oder Lass sie hier fallen<\/h5>\r\n\t<h6 align=\"center\">Bis zu 50 Dateien<\/h6>\r\n\t<\/div><\/div>\r\n\t<\/div>\r\n\t<script async src=\"https:\/\/pagead2.googlesyndication.com\/pagead\/js\/adsbygoogle.js?client=ca-pub-7958472158675518\"\r\n     crossorigin=\"anonymous\"><\/script>\r\n<!-- svg-converter.com - aftertop -->\r\n<ins class=\"adsbygoogle\"\r\n     style=\"display:block\"\r\n     data-ad-client=\"ca-pub-7958472158675518\"\r\n     data-ad-slot=\"6840284327\"\r\n     data-ad-format=\"auto\"\r\n     data-full-width-responsive=\"true\"><\/ins>\r\n<script>\r\n     (adsbygoogle = window.adsbygoogle || []).push({});\r\n<\/script>\r\n\t<div class=\"table-responsive\">\r\n\t<table id=\"filelist\" class=\"table table-sm\" style=\"display:none\">\r\n\t  <thead>\r\n\t\t<tr class=\"d-flex\">\r\n\t\t  <th class=\"col-1\">#<\/th><th class=\"col-4\">Quelldatei<\/th><th class=\"col-2\">Gr\u00f6\u00dfe<\/th><th class=\"col-5\">Status<\/th>\r\n\t\t<\/tr>\r\n\t  <\/thead>\r\n\t  <tbody>\r\n\t  <\/tbody>\r\n\t<\/table>\r\n\t<\/div>\r\n\t<form name=\"settings\" id=\"settings\">\r\n\t<input type=\"hidden\" id=\"type_converter\" name=\"type_converter\" value=\"svg\">\r\n\t\t<div class=\"card\">\r\n\t\t\t<div class=\"card-body\">\r\n\n<input type=\"hidden\" id=\"target\" name=\"target\" value=\"SVG\">\n<input type=\"hidden\" id=\"type_tracert\" name=\"type_tracert\" value=\"optimize\">\n\n<div class=\"form-check text-center\" style=\"margin-bottom:20px;\">\r\n\t<input type=\"checkbox\" id=\"start\" class=\"form-check-input\" checked onclick=\"ButtonConvert();\">\r\n\t<label class=\"form-check-label\" for=\"start\"><strong>Automatisch starten<\/strong><\/label>\r\n\t<\/div>\r\n<div class=\"form-check text-center\" style=\"margin-bottom:20px;\">\r\n\t<input type=\"checkbox\" checked disabled class=\"form-check-input\" id=\"consent\" style=\"margin-left: 0;\" onclick=\"EnableButton();\">\r\n\t<label class=\"form-check-label\" for=\"consent\" style=\"margin-left: 20px;\r\n\">Ich bin damit einverstanden, meine Daten aus diesem Formular gem\u00e4\u00df den Datenschutzbestimmungen und Nutzungsbedingungen zu erheben, zu speichern und zu verarbeiten.<\/label>\r\n<\/div><\/form><\/div><\/div><p align=\"center\" style=\"margin-top:20px;\"><button type=\"button\" id=\"btnconvert\" class=\"btn btn-primary btn-lg\" disabled style=\"display: none; \" onclick=\"convert_all();\">Convert<\/button><\/p>\n<div class=\"row\"><div id=\"fbHolder\" class=\"col align-self-center\" style=\"text-align: center;padding-bottom: 20px;\"><\/div><\/div><br\/>\n\n\n\n<h3 class=\"wp-block-heading\">Wie man das SVG optimiert:<\/h3>\n\n\n\n<ul class=\"wp-block-list\"><li>Klicken Sie auf \"Durchsuchen\", um eine oder mehrere SVG-Dateien auszuw\u00e4hlen, oder ziehen Sie einfach per Drag &amp; Drop in das graue Feld;<\/li><li>Warten Sie, bis Ihre Dateien auf den Server hochgeladen wurden und die Optimierung abgeschlossen ist. Wenn Ihre Datei nicht gro\u00df ist, wird die Optimierung in wenigen Sekunden durchgef\u00fchrt;<\/li><li>Klicken Sie auf den Link \"Download\u2026..\" oder auf \"Information\", um das Ergebnis mitzuteilen. <\/li><li>Laden Sie die konvertierten Dateien hoch oder speichern Sie sie in der Cloud.<\/li><li>L\u00f6schen Sie das Ergebnis vom Server, wenn Sie es nicht mehr ben\u00f6tigen.<\/li><\/ul>\n\n\n\n<p class=\"has-text-align-center\"><em>Bitte beachten Sie, dass die optimierten Dateien innerhalb einer Stunde automatisch von unserem Server gel\u00f6scht werden. Laden Sie sie auf Ihren Computer herunter oder speichern Sie sie auf Google Disk oder Dropbox. Sie k\u00f6nnen auch ein QR-Codebild scannen, um die konvertierten Dateien sofort auf Ihrem mobilen Ger\u00e4t zu speichern.<\/em><\/p>\n\n\n\n<div class=\"wp-block-columns has-2-columns is-layout-flex wp-container-core-columns-is-layout-28f84493 wp-block-columns-is-layout-flex\">\n<div class=\"wp-block-column is-layout-flow wp-block-column-is-layout-flow\">\n<h4 class=\"has-text-align-center wp-block-heading\">Bewahren Sie Ihre Dateien sicher auf<\/h4>\n\n\n\n<p class=\"has-text-align-center\">Wir garantieren, dass Ihre auf unsere Website hochgeladenen Bilder zuverl\u00e4ssig und sicher sind. Nach der Konvertierung wird die eindeutige URL nach einer Stunde ung\u00fcltig.<\/p>\n<\/div>\n\n\n\n<div class=\"wp-block-column is-layout-flow wp-block-column-is-layout-flow\">\n<h4 class=\"has-text-align-center wp-block-heading\">V\u00f6llig kostenlos.<\/h4>\n\n\n\n<p class=\"has-text-align-center\">Wir bieten diesen Service so an, wie er ist. Es ist absolut kostenlos, aber Sie k\u00f6nnen eine kleine Spende machen, wenn wir Ihnen Zeit sparen. <\/p>\n<\/div>\n<\/div>\n\n\n\n<div class=\"wp-block-columns has-2-columns is-layout-flex wp-container-core-columns-is-layout-28f84493 wp-block-columns-is-layout-flex\">\n<div class=\"wp-block-column is-layout-flow wp-block-column-is-layout-flow\">\n<h4 class=\"has-text-align-center wp-block-heading\">Einfach zu bedienen<\/h4>\n\n\n\n<p class=\"has-text-align-center\">W\u00e4hlen Sie einfach ein SVG auf Ihrem Computer aus oder ziehen Sie es per Drag &amp; Drop, um mit der Optimierung zu beginnen. Ja, es ist so einfach. <\/p>\n<\/div>\n\n\n\n<div class=\"wp-block-column is-layout-flow wp-block-column-is-layout-flow\">\n<h4 class=\"has-text-align-center wp-block-heading\">Sagt keine Registrierung.<\/h4>\n\n\n\n<p class=\"has-text-align-center\">Wir ben\u00f6tigen Ihre E-Mail-Adresse, Ihren Namen, Ihren Standort oder andere personenbezogene Daten nicht. Wir erheben nur Daten \u00fcber unpers\u00f6nliche Besucher.<\/p>\n<\/div>\n<\/div>\n\n\n\n<h3 class=\"wp-block-heading\">Fragen und Antworten<\/h3>\n\n\n\n<h5 class=\"wp-block-heading\">F: Was kann ich mit diesem Service machen?<\/h5>\n\n\n\n<p>Sie k\u00f6nnen Ihre SVGs optimieren.<\/p>\n\n\n\n<h5 class=\"wp-block-heading\">F: Warum brauche ich eine Optimierung?<\/h5>\n\n\n\n<p>SVG-Dateien, insbesondere solche, die von verschiedenen Editoren exportiert werden, enthalten in der Regel viele redundante und nutzlose Informationen. Dies k\u00f6nnen Metadaten, Kommentare, versteckte Elemente, Standardwerte oder nicht optimale Werte des Editors und andere Dinge sein, die sicher entfernt oder konvertiert werden k\u00f6nnen, ohne das Ergebnis des SVG-Renderings zu beeintr\u00e4chtigen. <\/p>\n\n\n\n<p>Und wenn Sie \u00e4hnliche SVGs auf Ihrem Webserver verwenden, wissen Sie wahrscheinlich, wie schnell das Herunterladen der Website geht, und haben in den Empfehlungen die Notwendigkeit gesehen, eine Dateiverkleinerung durchzuf\u00fchren, einschlie\u00dflich der SVG-Dateien.<\/p>\n\n\n\n<p>Wenn Sie also ein kleines Plus in Suchmaschinen erzielen wollen - Sie sollten die Gr\u00f6\u00dfe Ihrer SVG reduzieren, und wir bieten eine einfache M\u00f6glichkeit, dies ohne zus\u00e4tzlichen Aufwand zu tun.<\/p>\n\n\n\n<h5 class=\"wp-block-heading\">F: Wie machen Sie das?<\/h5>\n\n\n\n<p>Wir verwenden eine kostenlose Komponente zur Optimierung <a rel=\"nofollow noopener noreferrer\" target=\"_blank\" href=\"https:\/\/github.com\/svg\/svgo\">SVGO<\/a>.<\/p>\n","protected":false},"excerpt":{"rendered":"Wie man das SVG optimiert: Klicken Sie auf &#8222;Durchsuchen&#8220;, um eine oder mehrere SVG-Dateien auszuw\u00e4hlen, oder ziehen Sie einfach per Drag &amp; Drop in das graue Feld;Warten Sie, bis Ihre Dateien auf den Server hochgeladen wurden und die Optimierung abgeschlossen ist. Wenn Ihre Datei nicht gro\u00df ist, wird die Optimierung in wenigen Sekunden durchgef\u00fchrt;Klicken Sie [&hellip;]","protected":false},"author":1,"featured_media":0,"parent":0,"menu_order":0,"comment_status":"closed","ping_status":"closed","template":"page-templates\/no-sidebar.php","meta":{"_uag_custom_page_level_css":"","site-sidebar-layout":"default","site-content-layout":"","ast-site-content-layout":"default","site-content-style":"default","site-sidebar-style":"default","ast-global-header-display":"","ast-banner-title-visibility":"","ast-main-header-display":"","ast-hfb-above-header-display":"","ast-hfb-below-header-display":"","ast-hfb-mobile-header-display":"","site-post-title":"","ast-breadcrumbs-content":"","ast-featured-img":"","footer-sml-layout":"","ast-disable-related-posts":"","theme-transparent-header-meta":"","adv-header-id-meta":"","stick-header-meta":"","header-above-stick-meta":"","header-main-stick-meta":"","header-below-stick-meta":"","astra-migrate-meta-layouts":"default","ast-page-background-enabled":"default","ast-page-background-meta":{"desktop":{"background-color":"","background-image":"","background-repeat":"repeat","background-position":"center center","background-size":"auto","background-attachment":"scroll","background-type":"","background-media":"","overlay-type":"","overlay-color":"","overlay-opacity":"","overlay-gradient":""},"tablet":{"background-color":"","background-image":"","background-repeat":"repeat","background-position":"center center","background-size":"auto","background-attachment":"scroll","background-type":"","background-media":"","overlay-type":"","overlay-color":"","overlay-opacity":"","overlay-gradient":""},"mobile":{"background-color":"","background-image":"","background-repeat":"repeat","background-position":"center center","background-size":"auto","background-attachment":"scroll","background-type":"","background-media":"","overlay-type":"","overlay-color":"","overlay-opacity":"","overlay-gradient":""}},"ast-content-background-meta":{"desktop":{"background-color":"var(--ast-global-color-5)","background-image":"","background-repeat":"repeat","background-position":"center center","background-size":"auto","background-attachment":"scroll","background-type":"","background-media":"","overlay-type":"","overlay-color":"","overlay-opacity":"","overlay-gradient":""},"tablet":{"background-color":"var(--ast-global-color-5)","background-image":"","background-repeat":"repeat","background-position":"center center","background-size":"auto","background-attachment":"scroll","background-type":"","background-media":"","overlay-type":"","overlay-color":"","overlay-opacity":"","overlay-gradient":""},"mobile":{"background-color":"var(--ast-global-color-5)","background-image":"","background-repeat":"repeat","background-position":"center center","background-size":"auto","background-attachment":"scroll","background-type":"","background-media":"","overlay-type":"","overlay-color":"","overlay-opacity":"","overlay-gradient":""}},"footnotes":""},"class_list":["post-157","page","type-page","status-publish","hentry"],"yoast_head":"<!-- This site is optimized with the Yoast SEO plugin v27.6 - https:\/\/yoast.com\/product\/yoast-seo-wordpress\/ -->\n<title>Batch-Optimierung \/ Minimierung von SVG-Dateien online<\/title>\n<meta name=\"description\" content=\"Dienstprogramm zum Minimieren der Gr\u00f6\u00dfe von SVG-Dateien im Batch-Modus. Optimierung von SVG-Dateien nach Editoren. Geeignet f\u00fcr den Einsatz auf Websites.\" \/>\n<meta name=\"robots\" content=\"index, follow, max-snippet:-1, max-image-preview:large, max-video-preview:-1\" \/>\n<link rel=\"canonical\" href=\"https:\/\/svg-converter.com\/de\/minify\" \/>\n<meta property=\"og:locale\" content=\"de_DE\" \/>\n<meta property=\"og:type\" content=\"article\" \/>\n<meta property=\"og:title\" content=\"Batch-Optimierung \/ Minimierung von SVG-Dateien online\" \/>\n<meta property=\"og:description\" content=\"Dienstprogramm zum Minimieren der Gr\u00f6\u00dfe von SVG-Dateien im Batch-Modus. Optimierung von SVG-Dateien nach Editoren. Geeignet f\u00fcr den Einsatz auf Websites.\" \/>\n<meta property=\"og:url\" content=\"https:\/\/svg-converter.com\/de\/minify\" \/>\n<meta property=\"og:site_name\" content=\"SVG-Konverter\" \/>\n<meta property=\"article:modified_time\" content=\"2021-01-14T17:08:40+00:00\" \/>\n<meta name=\"twitter:card\" content=\"summary_large_image\" \/>\n<meta name=\"twitter:label1\" content=\"Gesch\u00e4tzte Lesezeit\" \/>\n\t<meta name=\"twitter:data1\" content=\"2\u00a0Minuten\" \/>\n<script type=\"application\/ld+json\" class=\"yoast-schema-graph\">{\"@context\":\"https:\\\/\\\/schema.org\",\"@graph\":[{\"@type\":\"WebPage\",\"@id\":\"https:\\\/\\\/svg-converter.com\\\/de\\\/minify\",\"url\":\"https:\\\/\\\/svg-converter.com\\\/de\\\/minify\",\"name\":\"Batch-Optimierung \\\/ Minimierung von SVG-Dateien online\",\"isPartOf\":{\"@id\":\"https:\\\/\\\/svg-converter.com\\\/de\\\/#website\"},\"datePublished\":\"2019-11-10T17:51:03+00:00\",\"dateModified\":\"2021-01-14T17:08:40+00:00\",\"description\":\"Dienstprogramm zum Minimieren der Gr\u00f6\u00dfe von SVG-Dateien im Batch-Modus. Optimierung von SVG-Dateien nach Editoren. Geeignet f\u00fcr den Einsatz auf Websites.\",\"inLanguage\":\"de\",\"potentialAction\":[{\"@type\":\"ReadAction\",\"target\":[\"https:\\\/\\\/svg-converter.com\\\/de\\\/minify\"]}]},{\"@type\":\"WebSite\",\"@id\":\"https:\\\/\\\/svg-converter.com\\\/de\\\/#website\",\"url\":\"https:\\\/\\\/svg-converter.com\\\/de\\\/\",\"name\":\"SVG-Konverter\",\"description\":\"\",\"potentialAction\":[{\"@type\":\"SearchAction\",\"target\":{\"@type\":\"EntryPoint\",\"urlTemplate\":\"https:\\\/\\\/svg-converter.com\\\/de\\\/?s={search_term_string}\"},\"query-input\":{\"@type\":\"PropertyValueSpecification\",\"valueRequired\":true,\"valueName\":\"search_term_string\"}}],\"inLanguage\":\"de\"}]}<\/script>\n<!-- \/ Yoast SEO plugin. -->","yoast_head_json":{"title":"Batch-Optimierung \/ Minimierung von SVG-Dateien online","description":"Dienstprogramm zum Minimieren der Gr\u00f6\u00dfe von SVG-Dateien im Batch-Modus. Optimierung von SVG-Dateien nach Editoren. Geeignet f\u00fcr den Einsatz auf Websites.","robots":{"index":"index","follow":"follow","max-snippet":"max-snippet:-1","max-image-preview":"max-image-preview:large","max-video-preview":"max-video-preview:-1"},"canonical":"https:\/\/svg-converter.com\/de\/minify","og_locale":"de_DE","og_type":"article","og_title":"Batch-Optimierung \/ Minimierung von SVG-Dateien online","og_description":"Dienstprogramm zum Minimieren der Gr\u00f6\u00dfe von SVG-Dateien im Batch-Modus. Optimierung von SVG-Dateien nach Editoren. Geeignet f\u00fcr den Einsatz auf Websites.","og_url":"https:\/\/svg-converter.com\/de\/minify","og_site_name":"SVG-Konverter","article_modified_time":"2021-01-14T17:08:40+00:00","twitter_card":"summary_large_image","twitter_misc":{"Gesch\u00e4tzte Lesezeit":"2\u00a0Minuten"},"schema":{"@context":"https:\/\/schema.org","@graph":[{"@type":"WebPage","@id":"https:\/\/svg-converter.com\/de\/minify","url":"https:\/\/svg-converter.com\/de\/minify","name":"Batch-Optimierung \/ Minimierung von SVG-Dateien online","isPartOf":{"@id":"https:\/\/svg-converter.com\/de\/#website"},"datePublished":"2019-11-10T17:51:03+00:00","dateModified":"2021-01-14T17:08:40+00:00","description":"Dienstprogramm zum Minimieren der Gr\u00f6\u00dfe von SVG-Dateien im Batch-Modus. Optimierung von SVG-Dateien nach Editoren. Geeignet f\u00fcr den Einsatz auf Websites.","inLanguage":"de","potentialAction":[{"@type":"ReadAction","target":["https:\/\/svg-converter.com\/de\/minify"]}]},{"@type":"WebSite","@id":"https:\/\/svg-converter.com\/de\/#website","url":"https:\/\/svg-converter.com\/de\/","name":"SVG-Konverter","description":"","potentialAction":[{"@type":"SearchAction","target":{"@type":"EntryPoint","urlTemplate":"https:\/\/svg-converter.com\/de\/?s={search_term_string}"},"query-input":{"@type":"PropertyValueSpecification","valueRequired":true,"valueName":"search_term_string"}}],"inLanguage":"de"}]}},"uagb_featured_image_src":{"full":false,"thumbnail":false,"medium":false,"medium_large":false,"large":false,"1536x1536":false,"2048x2048":false},"uagb_author_info":{"display_name":"admin","author_link":"https:\/\/svg-converter.com\/de\/blog\/author\/admin"},"uagb_comment_info":0,"uagb_excerpt":"Wie man das SVG optimiert: Klicken Sie auf \"Durchsuchen\", um eine oder mehrere SVG-Dateien auszuw\u00e4hlen, oder ziehen Sie einfach per Drag &amp; Drop in das graue Feld;Warten Sie, bis Ihre Dateien auf den Server hochgeladen wurden und die Optimierung abgeschlossen ist. Wenn Ihre Datei nicht gro\u00df ist, wird die Optimierung in wenigen Sekunden durchgef\u00fchrt;Klicken Sie&hellip;","_links":{"self":[{"href":"https:\/\/svg-converter.com\/de\/wp-json\/wp\/v2\/pages\/157","targetHints":{"allow":["GET"]}}],"collection":[{"href":"https:\/\/svg-converter.com\/de\/wp-json\/wp\/v2\/pages"}],"about":[{"href":"https:\/\/svg-converter.com\/de\/wp-json\/wp\/v2\/types\/page"}],"author":[{"embeddable":true,"href":"https:\/\/svg-converter.com\/de\/wp-json\/wp\/v2\/users\/1"}],"replies":[{"embeddable":true,"href":"https:\/\/svg-converter.com\/de\/wp-json\/wp\/v2\/comments?post=157"}],"version-history":[{"count":2,"href":"https:\/\/svg-converter.com\/de\/wp-json\/wp\/v2\/pages\/157\/revisions"}],"predecessor-version":[{"id":174,"href":"https:\/\/svg-converter.com\/de\/wp-json\/wp\/v2\/pages\/157\/revisions\/174"}],"wp:attachment":[{"href":"https:\/\/svg-converter.com\/de\/wp-json\/wp\/v2\/media?parent=157"}],"curies":[{"name":"wp","href":"https:\/\/api.w.org\/{rel}","templated":true}]}}