{"id":33,"date":"2019-07-19T16:38:21","date_gmt":"2019-07-19T16:38:21","guid":{"rendered":"https:\/\/svg-converter.com\/?page_id=33"},"modified":"2021-01-14T17:11:30","modified_gmt":"2021-01-14T17:11:30","slug":"potrace","status":"publish","type":"page","link":"https:\/\/svg-converter.com\/de\/potrace","title":{"rendered":"Online SVG Converter von Potrace. Verfolgen und Posterisieren"},"content":{"rendered":"\n<div class=\"row\">\r\n\t<div id=\"file-container\" class=\"drop-area\">\r\n\t<div class=\"inner-content text-center\" id=\"zbasic\">\r\n\t<button type=\"button\" class=\"btn btn-primary\" align=\"center\">Bilddateien hinzuf\u00fcgen<\/button> \r\n\t<input type=\"file\" name=\"file\" id=\"file\" class=\"inputfile\" multiple=\"\">\r\n\t<h5 align=\"center\" style=\"margin-top: 20px;\"><label for=\"file\" class=\"label-picker\"><em>Klicken Sie hier, um Dateien auszuw\u00e4hlen<\/em><\/label><br\/> oder Lass sie hier fallen<\/h5>\r\n\t<h6 align=\"center\">Bis zu 50 Dateien<\/h6>\r\n\t<\/div><\/div>\r\n\t<\/div>\r\n\t<script async src=\"https:\/\/pagead2.googlesyndication.com\/pagead\/js\/adsbygoogle.js?client=ca-pub-7958472158675518\"\r\n     crossorigin=\"anonymous\"><\/script>\r\n<!-- svg-converter.com - aftertop -->\r\n<ins class=\"adsbygoogle\"\r\n     style=\"display:block\"\r\n     data-ad-client=\"ca-pub-7958472158675518\"\r\n     data-ad-slot=\"6840284327\"\r\n     data-ad-format=\"auto\"\r\n     data-full-width-responsive=\"true\"><\/ins>\r\n<script>\r\n     (adsbygoogle = window.adsbygoogle || []).push({});\r\n<\/script>\r\n\t<div class=\"table-responsive\">\r\n\t<table id=\"filelist\" class=\"table table-sm\" style=\"display:none\">\r\n\t  <thead>\r\n\t\t<tr class=\"d-flex\">\r\n\t\t  <th class=\"col-1\">#<\/th><th class=\"col-4\">Quelldatei<\/th><th class=\"col-2\">Gr\u00f6\u00dfe<\/th><th class=\"col-5\">Status<\/th>\r\n\t\t<\/tr>\r\n\t  <\/thead>\r\n\t  <tbody>\r\n\t  <\/tbody>\r\n\t<\/table>\r\n\t<\/div>\r\n\t<form name=\"settings\" id=\"settings\">\r\n\t<input type=\"hidden\" id=\"type_converter\" name=\"type_converter\" value=\"svg\">\r\n\t\t<div class=\"card\">\r\n\t\t\t<div class=\"card-body\">\r\n\n<input type=\"hidden\" id=\"target\" name=\"target\" value=\"SVG\">\n<input type=\"hidden\" id=\"type_tracert\" name=\"type_tracert\" value=\"potrace\">\n<div class=\"form-group row\"><label for=\"color\" class=\"col-sm-4 col-form-label\">Geben Sie trace ein: <\/label><div class=\"col-sm-8\">\n<div class=\"radio\">\n  <label><input type=\"radio\" name=\"typetrace\" value=\"trace\" checked=\"\"> Nur Potrace (nur schwarz und wei\u00df)<\/label>\n<\/div>\n<div class=\"radio\">\n  <label><input type=\"radio\" name=\"typetrace\" value=\"posterize\"> Posterize (4 graue Farben)<\/label>\n<\/div>\n<\/div><\/div>\n<div class=\"form-check text-center\" style=\"margin-bottom:20px;\">\r\n\t<input type=\"checkbox\" id=\"start\" class=\"form-check-input\" checked onclick=\"ButtonConvert();\">\r\n\t<label class=\"form-check-label\" for=\"start\"><strong>Automatisch starten<\/strong><\/label>\r\n\t<\/div>\r\n<div class=\"form-check text-center\" style=\"margin-bottom:20px;\">\r\n\t<input type=\"checkbox\" checked disabled class=\"form-check-input\" id=\"consent\" style=\"margin-left: 0;\" onclick=\"EnableButton();\">\r\n\t<label class=\"form-check-label\" for=\"consent\" style=\"margin-left: 20px;\r\n\">Ich bin damit einverstanden, meine Daten aus diesem Formular gem\u00e4\u00df den Datenschutzbestimmungen und Nutzungsbedingungen zu erheben, zu speichern und zu verarbeiten.<\/label>\r\n<\/div><\/form><\/div><\/div><p align=\"center\" style=\"margin-top:20px;\"><button type=\"button\" id=\"btnconvert\" class=\"btn btn-primary btn-lg\" disabled style=\"display: none; \" onclick=\"convert_all();\">Convert<\/button><\/p>\n<div class=\"row\"><div id=\"fbHolder\" class=\"col align-self-center\" style=\"text-align: center;padding-bottom: 20px;\"><\/div><\/div><br\/>\n\n\n\n<h3 class=\"wp-block-heading\"> Beispiel und Demo <\/h3>\n\n\n\n<figure class=\"wp-block-table aligncenter\"><table><thead><tr><th> <strong>Original Bild<\/strong><\/th><th><strong>Potrace <\/strong> <strong>Ausgang<\/strong><\/th><th> <strong>Posterisierte Ausgabe<\/strong><\/th><\/tr><\/thead><tbody><tr><td><figure><img decoding=\"async\" src=\"\/\/cdn.svg-converter.com\/media\/yao.jpg\" alt=\"\"><\/figure><\/td><td><figure><img decoding=\"async\" src=\"\/\/cdn.svg-converter.com\/media\/example-output.svg\" alt=\"\"><\/figure><\/td><td><figure><img decoding=\"async\" src=\"\/\/cdn.svg-converter.com\/media\/example-output-posterized.svg\" alt=\"\"><\/figure><\/td><\/tr><\/tbody><\/table><\/figure>\n\n\n<p><!--StartFragment--><\/p>\n\n\n<h3 class=\"wp-block-heading\"> So konvertieren Sie JPG \/ PNG nach SVG Schritt f\u00fcr Schritt: <\/h3>\n\n\n\n<ul class=\"wp-block-list\"><li> Klicken Sie auf \u201eDurchsuchen\u201c, um JPG oder PNG auszuw\u00e4hlen, oder ziehen Sie es einfach in das Feld<\/li><li>Warten Sie, bis Ihr Bild hochgeladen und nachverfolgt oder posterisiert wurde.<\/li><li>Klicken Sie auf den Link \u201eDownload\u2026.\u201c Oder klicken Sie auf \u201eInfo\u201c, um das Ergebnis zu teilen.<\/li><li>Laden Sie konvertierte Dateien herunter oder speichern Sie sie in Ihrem Cloud-Speicher <\/li><\/ul>\n\n\n\n<p class=\"has-text-align-center\"><em>Bitte beachten Sie, dass die Ausgabedateien in einer Stunde automatisch von unserem Server gel\u00f6scht werden.<\/em>&nbsp;<em>Laden Sie sie auf Ihren Computer herunter oder speichern Sie sie auf Ihrem Google Drive oder Ihrer Dropbox.<\/em>&nbsp;<em>Sie k\u00f6nnen auch den QR-Code des Bildes scannen, um konvertierte Dateien sofort auf Ihrem Mobilger\u00e4t zu speichern.<\/em><\/p>\n\n\n\n<div class=\"wp-block-columns has-3-columns is-layout-flex wp-container-core-columns-is-layout-28f84493 wp-block-columns-is-layout-flex\">\n<div class=\"wp-block-column is-layout-flow wp-block-column-is-layout-flow\">\n<h4 class=\"has-text-align-center wp-block-heading\"> Bewahren Sie Ihre Dateien sicher auf <\/h4>\n\n\n\n<p>Wir sorgen daf\u00fcr, dass Ihre auf unsere Website hochgeladenen Bilder sicher sind.&nbsp;Nach der Konvertierung wird die eindeutige URL nach einer Stunde ung\u00fcltig und die Dateien werden innerhalb von 24 Stunden von unserem Server gel\u00f6scht.<\/p>\n<\/div>\n\n\n\n<div class=\"wp-block-column is-layout-flow wp-block-column-is-layout-flow\">\n<h4 class=\"has-text-align-center wp-block-heading\"> F\u00fcr Anf\u00e4nger und Profis<\/h4>\n\n\n\n<p class=\"has-text-align-center\">Sie k\u00f6nnen Voreinstellungen ausw\u00e4hlen oder Feineinstellungen mit 20 verschiedenen Einstellungen vornehmen, von der Anzahl der Farben im SVG bis zur Dicke der Kurven.&nbsp;Experiment.<\/p>\n<\/div>\n\n\n\n<div class=\"wp-block-column is-layout-flow wp-block-column-is-layout-flow\">\n<h4 class=\"has-text-align-center wp-block-heading\"> Sie m\u00fcssen keine Software herunterladen<\/h4>\n\n\n\n<p class=\"has-text-align-center\">Es gibt eine Vielzahl von Trace-Anwendungen. Wir machen das ohne Probleme. W\u00e4hlen Sie einfach die Datei aus, laden Sie sie hoch und laden Sie das Ergebnis herunter.<\/p>\n<\/div>\n<\/div>\n\n\n\n<div class=\"wp-block-columns has-3-columns is-layout-flex wp-container-core-columns-is-layout-28f84493 wp-block-columns-is-layout-flex\">\n<div class=\"wp-block-column is-layout-flow wp-block-column-is-layout-flow\">\n<h4 class=\"has-text-align-center wp-block-heading\"> V\u00f6llig kostenlos<\/h4>\n\n\n\n<p class=\"has-text-align-center\">Wir bieten diesen Service unver\u00e4ndert an.&nbsp;Es ist v\u00f6llig kostenlos, aber Sie k\u00f6nnen eine kleine Spende machen, wenn wir Ihre Zeit sparen.<\/p>\n<\/div>\n\n\n\n<div class=\"wp-block-column is-layout-flow wp-block-column-is-layout-flow\">\n<h4 class=\"has-text-align-center wp-block-heading\"> Sag keine Registrierung<\/h4>\n\n\n\n<p class=\"has-text-align-center\">Wir ben\u00f6tigen Ihre E-Mail-Adresse, Ihren Namen, Ihren Standort oder sonstige personenbezogene Daten nicht.&nbsp;Wir erheben nur unpers\u00f6nliche Besucherdaten.<\/p>\n<\/div>\n\n\n\n<div class=\"wp-block-column is-layout-flow wp-block-column-is-layout-flow\">\n<h4 class=\"has-text-align-center wp-block-heading\"> Einfach zu verwenden<\/h4>\n\n\n\n<p class=\"has-text-align-center\">W\u00e4hlen Sie einfach Bilder auf Ihrem Computer aus oder ziehen Sie sie, um die Konvertierung zu starten.&nbsp;Ja, das ist so einfach.<\/p>\n<\/div>\n<\/div>\n\n\n\n<h3 class=\"wp-block-heading\">Fragen und Antworten<\/h3>\n\n\n\n<h5 class=\"wp-block-heading\">F: Was kann ich mit diesem Service machen?<\/h5>\n\n\n\n<p>Sie k\u00f6nnen Ihre JPEG- oder PNG-Bilder auf das SVG-Vektorformat zur\u00fcckf\u00fchren.<\/p>\n\n\n\n<h5 class=\"wp-block-heading\">F: Welche Bildformate kann ich zur Konvertierung hochladen?<\/h5>\n\n\n\n<p>Derzeit werden JPEG- und PNG-Bilder unterst\u00fctzt.<\/p>\n\n\n\n<h5 class=\"wp-block-heading\">F: In welche Bildformate kann ich konvertieren?<\/h5>\n\n\n\n<p>Dieser Konverter unterst\u00fctzt nur SVG.&nbsp;Sie k\u00f6nnen jedoch den&nbsp;<a href=\"https:\/\/online-converting.com\/vectorize\/\">Online-Vektorkonverter verwenden<\/a>&nbsp;, um SVG in ein beliebiges anderes Vektorformat zu konvertieren, z. B. SVG in PDF.<\/p>\n\n\n\n<h5 class=\"wp-block-heading\">F: Was ist SVG?<\/h5>\n\n\n\n<p>SVG (Scalable Vector Graphics) ist eine skalierbare Vektorgrafiksprache, die vom World Wide Web Consortium (W3C) erstellt wurde und auf dem XML-Format basiert und zur Beschreibung von 2D-Vektoren und gemischten Vektor- \/ Raster-Grafiken dient.&nbsp;Unterst\u00fctzt sowohl feste als auch animierte interaktive Grafiken - oder anders ausgedr\u00fcckt deklarative Grafiken und Skriptgrafiken.&nbsp;Dies ist ein offener Standard, der vom W3C-Konsortium empfohlen wird.&nbsp;Es wurde seit 1999 entwickelt. Im Jahr 2001 wurde Version 1.0 ver\u00f6ffentlicht, im Jahr 2011 - Version 1.1, die derzeit g\u00fcltig ist.<\/p>\n\n\n\n<h5 class=\"wp-block-heading\">F: Warum brauche ich \u00fcberhaupt SVG?<\/h5>\n\n\n\n<p>Da das SVG-Format ge\u00f6ffnet ist und zur Verwendung empfohlen wird, ist dieses Format die beste Option f\u00fcr die Arbeit mit dem Vektor.&nbsp;Hier sind einige seiner Vorteile:<\/p>\n\n\n\n<ul class=\"wp-block-list\"><li>Kleine Dateigr\u00f6\u00dfen.&nbsp;Und da es von Natur aus textbasiert ist, k\u00f6nnen Sie gute Komprimierungsergebnisse erzielen.<\/li><li>Jeder Vektor ist gut skaliert, sodass Ihre Grafiken auf jedem Bildschirm gut aussehen.<\/li><li>Eine gro\u00dfe Anzahl von Filtern wird unterst\u00fctzt und Sie k\u00f6nnen interaktive Elemente verwenden.&nbsp;All dies f\u00fchrt zu einem einzigartigen SVG-Format.<\/li><\/ul>\n\n\n\n<h5 class=\"wp-block-heading\">F: Was ist Potrace<\/h5>\n\n\n\n<p><a href=\"http:\/\/potrace.sourceforge.net\/\" target=\"_blank\" rel=\"noreferrer noopener\" aria-label=\" (\u00f6ffnet in neuem Tab)\">Potrace<\/a>&nbsp;ist eine plattform\u00fcbergreifende Open-Source-Software, die Bitmap-Bilder in Vektorgrafiken konvertiert.&nbsp;Es wird von Peter Selinger geschrieben und gepflegt<\/p>\n\n\n\n<p><strong>F: Was ist die R\u00fcckverfolgung?<\/strong><\/p>\n\n\n\n<p>Tracing oder \u201eVektorisierung\u201c ist die Umwandlung eines Bildes von einer Raster-Darstellung in eine Vektor-Darstellung.&nbsp;Es gibt eine gro\u00dfe Anzahl von bezahlten und kostenlosen Tracern, die sowohl offline als auch online arbeiten.&nbsp;Wir versuchen, die flexibelsten Schnittstellen f\u00fcr die Konvertierung bereitzustellen.<\/p>\n\n\n\n<p><strong>F: Was ist posterize<\/strong><\/p>\n\n\n\n<p>Die Posterisierung oder Posterisierung eines Bildes beinhaltet die Umwandlung einer kontinuierlichen Abstufung des Tons in mehrere Bereiche mit weniger T\u00f6nen mit abrupten \u00c4nderungen von einem Ton zu einem anderen.&nbsp;Dies geschah urspr\u00fcnglich mit fotografischen Verfahren, um Plakate zu erstellen.&nbsp;Es kann jetzt fotografisch oder mit digitaler Bildverarbeitung erfolgen und kann absichtlich oder ein unbeabsichtigtes Artefakt der Farbquantisierung sein.<\/p>\n\n\n\n<h5 class=\"wp-block-heading\">F: Wenn die Vektorisierung verwendet wird<\/h5>\n\n\n\n<p>Sie wird in der Regel verwendet, wenn das Rasterbild zur Verarbeitung in den Vektorgrafik-Editor \u00fcbertragen werden muss.&nbsp;Grunds\u00e4tzlich wird die Vektorisierung verwendet, um die Bildqualit\u00e4t (z. B. ein Logo) zu verbessern und ein Bild zu erstellen, das ohne Qualit\u00e4tsverlust skaliert werden kann, wenn die weitere Bildverarbeitung auf speziellen Ger\u00e4ten wie Plottern oder CNC-Maschinen durchgef\u00fchrt wird.<\/p>\n\n\n\n<h5 class=\"wp-block-heading\">F: Was mache ich als n\u00e4chstes, wenn ich eine sehr gro\u00dfe SVG-Datei habe?<\/h5>\n\n\n\n<p>Versuchen Sie zun\u00e4chst verschiedene Einstellungen.<\/p>\n\n\n\n<p>Normalerweise wird die riesige Gr\u00f6\u00dfe nur auf fotografischen Bildern erhalten.&nbsp;Aber wenn die Gr\u00f6\u00dfe nicht zu Ihnen passt, versuchen Sie zun\u00e4chst, eine Optimierung durchzuf\u00fchren.&nbsp;Daf\u00fcr haben wir einen tollen Service:&nbsp;<a href=\"https:\/\/svg-converter.com\/de\/minify\">SVG-Optimierung<\/a>.<\/p>\n\n\n\n<h5 class=\"wp-block-heading\">F: Was ist JPEG?<\/h5>\n\n\n\n<p>JPEG (.jpg oder .jpeg. Dateierweiterung) bezeichnet die Joint Photography Experts Group, die nach dem Ausschuss benannt ist, der sie erstellt hat.&nbsp;Dies ist aufgrund seiner Komprimierungsf\u00e4higkeit zum heutigen Standardbild geworden.&nbsp;Es ist immer noch ein beliebtes Online-Bildformat, das h\u00e4ufig f\u00fcr Fotos und andere Arten von Bildern verwendet wird.<\/p>\n\n\n\n<h5 class=\"wp-block-heading\">F: Was ist PNG?<\/h5>\n\n\n\n<p>Das PNG-Format (Portable Network Graphics) wurde entwickelt, um das alte und einfachere GIF-Format und bis zu einem gewissen Grad das wesentlich komplexere TIFF-Format zu ersetzen.&nbsp;PNG ist ein offenes Dateiformat zum verlustfreien Speichern von Rasterbildern.&nbsp;PNG bietet einen patentfreien Ersatz f\u00fcr GIF und kann auch viele g\u00e4ngige TIFF-Anwendungen ersetzen.&nbsp;Unterst\u00fctzt werden indizierte, Graustufen- und Echtfarbenbilder sowie ein zus\u00e4tzlicher Alphakanal f\u00fcr Transparenz.<\/p>\n","protected":false},"excerpt":{"rendered":"Beispiel und Demo Original BildPotrace Ausgang Posterisierte Ausgabe So konvertieren Sie JPG \/ PNG nach SVG Schritt f\u00fcr Schritt: Klicken Sie auf \u201eDurchsuchen\u201c, um JPG oder PNG auszuw\u00e4hlen, oder ziehen Sie es einfach in das FeldWarten Sie, bis Ihr Bild hochgeladen und nachverfolgt oder posterisiert wurde.Klicken Sie auf den Link \u201eDownload\u2026.\u201c Oder klicken Sie auf [&hellip;]","protected":false},"author":1,"featured_media":0,"parent":0,"menu_order":0,"comment_status":"closed","ping_status":"closed","template":"page-templates\/no-sidebar.php","meta":{"_uag_custom_page_level_css":"","site-sidebar-layout":"default","site-content-layout":"","ast-site-content-layout":"default","site-content-style":"default","site-sidebar-style":"default","ast-global-header-display":"","ast-banner-title-visibility":"","ast-main-header-display":"","ast-hfb-above-header-display":"","ast-hfb-below-header-display":"","ast-hfb-mobile-header-display":"","site-post-title":"","ast-breadcrumbs-content":"","ast-featured-img":"","footer-sml-layout":"","ast-disable-related-posts":"","theme-transparent-header-meta":"","adv-header-id-meta":"","stick-header-meta":"","header-above-stick-meta":"","header-main-stick-meta":"","header-below-stick-meta":"","astra-migrate-meta-layouts":"default","ast-page-background-enabled":"default","ast-page-background-meta":{"desktop":{"background-color":"","background-image":"","background-repeat":"repeat","background-position":"center center","background-size":"auto","background-attachment":"scroll","background-type":"","background-media":"","overlay-type":"","overlay-color":"","overlay-opacity":"","overlay-gradient":""},"tablet":{"background-color":"","background-image":"","background-repeat":"repeat","background-position":"center center","background-size":"auto","background-attachment":"scroll","background-type":"","background-media":"","overlay-type":"","overlay-color":"","overlay-opacity":"","overlay-gradient":""},"mobile":{"background-color":"","background-image":"","background-repeat":"repeat","background-position":"center center","background-size":"auto","background-attachment":"scroll","background-type":"","background-media":"","overlay-type":"","overlay-color":"","overlay-opacity":"","overlay-gradient":""}},"ast-content-background-meta":{"desktop":{"background-color":"var(--ast-global-color-5)","background-image":"","background-repeat":"repeat","background-position":"center center","background-size":"auto","background-attachment":"scroll","background-type":"","background-media":"","overlay-type":"","overlay-color":"","overlay-opacity":"","overlay-gradient":""},"tablet":{"background-color":"var(--ast-global-color-5)","background-image":"","background-repeat":"repeat","background-position":"center center","background-size":"auto","background-attachment":"scroll","background-type":"","background-media":"","overlay-type":"","overlay-color":"","overlay-opacity":"","overlay-gradient":""},"mobile":{"background-color":"var(--ast-global-color-5)","background-image":"","background-repeat":"repeat","background-position":"center center","background-size":"auto","background-attachment":"scroll","background-type":"","background-media":"","overlay-type":"","overlay-color":"","overlay-opacity":"","overlay-gradient":""}},"footnotes":""},"class_list":["post-33","page","type-page","status-publish","hentry"],"yoast_head":"<!-- This site is optimized with the Yoast SEO plugin v27.5 - https:\/\/yoast.com\/product\/yoast-seo-wordpress\/ -->\n<title>SVG Converter von Potrace. Verfolgen und Posterisieren Rasterbilder<\/title>\n<meta name=\"description\" content=\"Konvertieren Sie Ihre Bilder (PNG, JPG, BMP, ...) in SVG mit Potrace. 2-Modus: Nachzeichnen und Posterisieren. Keine Installation erforderlich.\" \/>\n<meta name=\"robots\" content=\"index, follow, max-snippet:-1, max-image-preview:large, max-video-preview:-1\" \/>\n<link rel=\"canonical\" href=\"https:\/\/svg-converter.com\/de\/potrace\" \/>\n<meta property=\"og:locale\" content=\"de_DE\" \/>\n<meta property=\"og:type\" content=\"article\" \/>\n<meta property=\"og:title\" content=\"SVG Converter von Potrace. Verfolgen und Posterisieren Rasterbilder\" \/>\n<meta property=\"og:description\" content=\"Konvertieren Sie Ihre Bilder (PNG, JPG, BMP, ...) in SVG mit Potrace. 2-Modus: Nachzeichnen und Posterisieren. Keine Installation erforderlich.\" \/>\n<meta property=\"og:url\" content=\"https:\/\/svg-converter.com\/de\/potrace\" \/>\n<meta property=\"og:site_name\" content=\"SVG-Konverter\" \/>\n<meta property=\"article:modified_time\" content=\"2021-01-14T17:11:30+00:00\" \/>\n<meta property=\"og:image\" content=\"https:\/\/cdn.svg-converter.com\/media\/yao.jpg\" \/>\n<meta name=\"twitter:card\" content=\"summary_large_image\" \/>\n<meta name=\"twitter:label1\" content=\"Gesch\u00e4tzte Lesezeit\" \/>\n\t<meta name=\"twitter:data1\" content=\"5\u00a0Minuten\" \/>\n<script type=\"application\/ld+json\" class=\"yoast-schema-graph\">{\"@context\":\"https:\\\/\\\/schema.org\",\"@graph\":[{\"@type\":\"WebPage\",\"@id\":\"https:\\\/\\\/svg-converter.com\\\/de\\\/potrace\",\"url\":\"https:\\\/\\\/svg-converter.com\\\/de\\\/potrace\",\"name\":\"SVG Converter von Potrace. Verfolgen und Posterisieren Rasterbilder\",\"isPartOf\":{\"@id\":\"https:\\\/\\\/svg-converter.com\\\/de\\\/#website\"},\"datePublished\":\"2019-07-19T16:38:21+00:00\",\"dateModified\":\"2021-01-14T17:11:30+00:00\",\"description\":\"Konvertieren Sie Ihre Bilder (PNG, JPG, BMP, ...) in SVG mit Potrace. 2-Modus: Nachzeichnen und Posterisieren. Keine Installation erforderlich.\",\"inLanguage\":\"de\",\"potentialAction\":[{\"@type\":\"ReadAction\",\"target\":[\"https:\\\/\\\/svg-converter.com\\\/de\\\/potrace\"]}]},{\"@type\":\"WebSite\",\"@id\":\"https:\\\/\\\/svg-converter.com\\\/de\\\/#website\",\"url\":\"https:\\\/\\\/svg-converter.com\\\/de\\\/\",\"name\":\"SVG-Konverter\",\"description\":\"\",\"potentialAction\":[{\"@type\":\"SearchAction\",\"target\":{\"@type\":\"EntryPoint\",\"urlTemplate\":\"https:\\\/\\\/svg-converter.com\\\/de\\\/?s={search_term_string}\"},\"query-input\":{\"@type\":\"PropertyValueSpecification\",\"valueRequired\":true,\"valueName\":\"search_term_string\"}}],\"inLanguage\":\"de\"}]}<\/script>\n<!-- \/ Yoast SEO plugin. -->","yoast_head_json":{"title":"SVG Converter von Potrace. Verfolgen und Posterisieren Rasterbilder","description":"Konvertieren Sie Ihre Bilder (PNG, JPG, BMP, ...) in SVG mit Potrace. 2-Modus: Nachzeichnen und Posterisieren. Keine Installation erforderlich.","robots":{"index":"index","follow":"follow","max-snippet":"max-snippet:-1","max-image-preview":"max-image-preview:large","max-video-preview":"max-video-preview:-1"},"canonical":"https:\/\/svg-converter.com\/de\/potrace","og_locale":"de_DE","og_type":"article","og_title":"SVG Converter von Potrace. Verfolgen und Posterisieren Rasterbilder","og_description":"Konvertieren Sie Ihre Bilder (PNG, JPG, BMP, ...) in SVG mit Potrace. 2-Modus: Nachzeichnen und Posterisieren. Keine Installation erforderlich.","og_url":"https:\/\/svg-converter.com\/de\/potrace","og_site_name":"SVG-Konverter","article_modified_time":"2021-01-14T17:11:30+00:00","og_image":[{"url":"https:\/\/cdn.svg-converter.com\/media\/yao.jpg","type":"","width":"","height":""}],"twitter_card":"summary_large_image","twitter_misc":{"Gesch\u00e4tzte Lesezeit":"5\u00a0Minuten"},"schema":{"@context":"https:\/\/schema.org","@graph":[{"@type":"WebPage","@id":"https:\/\/svg-converter.com\/de\/potrace","url":"https:\/\/svg-converter.com\/de\/potrace","name":"SVG Converter von Potrace. Verfolgen und Posterisieren Rasterbilder","isPartOf":{"@id":"https:\/\/svg-converter.com\/de\/#website"},"datePublished":"2019-07-19T16:38:21+00:00","dateModified":"2021-01-14T17:11:30+00:00","description":"Konvertieren Sie Ihre Bilder (PNG, JPG, BMP, ...) in SVG mit Potrace. 2-Modus: Nachzeichnen und Posterisieren. Keine Installation erforderlich.","inLanguage":"de","potentialAction":[{"@type":"ReadAction","target":["https:\/\/svg-converter.com\/de\/potrace"]}]},{"@type":"WebSite","@id":"https:\/\/svg-converter.com\/de\/#website","url":"https:\/\/svg-converter.com\/de\/","name":"SVG-Konverter","description":"","potentialAction":[{"@type":"SearchAction","target":{"@type":"EntryPoint","urlTemplate":"https:\/\/svg-converter.com\/de\/?s={search_term_string}"},"query-input":{"@type":"PropertyValueSpecification","valueRequired":true,"valueName":"search_term_string"}}],"inLanguage":"de"}]}},"uagb_featured_image_src":{"full":false,"thumbnail":false,"medium":false,"medium_large":false,"large":false,"1536x1536":false,"2048x2048":false},"uagb_author_info":{"display_name":"admin","author_link":"https:\/\/svg-converter.com\/de\/blog\/author\/admin"},"uagb_comment_info":0,"uagb_excerpt":"Beispiel und Demo Original BildPotrace Ausgang Posterisierte Ausgabe So konvertieren Sie JPG \/ PNG nach SVG Schritt f\u00fcr Schritt: Klicken Sie auf \u201eDurchsuchen\u201c, um JPG oder PNG auszuw\u00e4hlen, oder ziehen Sie es einfach in das FeldWarten Sie, bis Ihr Bild hochgeladen und nachverfolgt oder posterisiert wurde.Klicken Sie auf den Link \u201eDownload\u2026.\u201c Oder klicken Sie auf&hellip;","_links":{"self":[{"href":"https:\/\/svg-converter.com\/de\/wp-json\/wp\/v2\/pages\/33","targetHints":{"allow":["GET"]}}],"collection":[{"href":"https:\/\/svg-converter.com\/de\/wp-json\/wp\/v2\/pages"}],"about":[{"href":"https:\/\/svg-converter.com\/de\/wp-json\/wp\/v2\/types\/page"}],"author":[{"embeddable":true,"href":"https:\/\/svg-converter.com\/de\/wp-json\/wp\/v2\/users\/1"}],"replies":[{"embeddable":true,"href":"https:\/\/svg-converter.com\/de\/wp-json\/wp\/v2\/comments?post=33"}],"version-history":[{"count":6,"href":"https:\/\/svg-converter.com\/de\/wp-json\/wp\/v2\/pages\/33\/revisions"}],"predecessor-version":[{"id":172,"href":"https:\/\/svg-converter.com\/de\/wp-json\/wp\/v2\/pages\/33\/revisions\/172"}],"wp:attachment":[{"href":"https:\/\/svg-converter.com\/de\/wp-json\/wp\/v2\/media?parent=33"}],"curies":[{"name":"wp","href":"https:\/\/api.w.org\/{rel}","templated":true}]}}