{"id":8,"date":"2019-07-14T17:12:19","date_gmt":"2019-07-14T17:12:19","guid":{"rendered":"https:\/\/svg-converter.com\/?page_id=2"},"modified":"2021-01-14T17:07:25","modified_gmt":"2021-01-14T17:07:25","slug":"home","status":"publish","type":"page","link":"https:\/\/svg-converter.com\/de\/","title":{"rendered":"SVG Konverter (PNG zu SVG, JPG zu SVG)"},"content":{"rendered":"\n<div class=\"form-group\"><div class=\"custom-file\">\n  <input type=\"file\" class=\"custom-file-input\" id=\"imgInput\">\n  <label class=\"custom-file-label\" for=\"imgInput\">Datei w\u00e4hlen<\/label>\n<\/div><\/div>\n<div class=\"form-group\">\n  <label for=\"ltres\">Option Voreinstellungen:<\/label>\n<select id=\"options\">\n<option value=\"default\">Standard<\/option>\n<option value=\"posterized1\">Posterized1<\/option>\n<option value=\"posterized2\">Posterized2<\/option>\n<option value=\"posterized3\">Posterized3<\/option>\n<option value=\"curvy\">Curvy<\/option>\n<option value=\"sharp\">Sharp<\/option>\n<option value=\"detailed\">Detailed<\/option>\n<option value=\"smoothed\">Smoothed<\/option>\n<option value=\"grayscale\">Grayscale<\/option>\n<option value=\"fixedpalette\">Fixedpalette<\/option>\n<option value=\"randomsampling1\">Randomsampling1<\/option>\n<option value=\"randomsampling2\">Randomsampling2<\/option>\n<option value=\"artistic1\">Artistic1<\/option>\n<option value=\"artistic2\">Artistic2<\/option>\n<option value=\"artistic3\">Artistic3<\/option>\n<option value=\"artistic4\">Artistic4<\/option>\n<option value=\"-1\">Anpassen<\/option>\n<\/select><\/div>\n<div id=\"settings\">\n<h4>Tracing<\/h4>\n<div class=\"form-group\">\n  <label for=\"ltres\">Fehlerschwelle f\u00fcr gerade Linien:<\/label>\n  <input type=\"number\" class=\"form-control\" id=\"ltres\" min=\"1\" max=\"32\" value=\"1\">\n<\/div>\n<div class=\"form-group\">\n  <label for=\"qtres\">Fehlerschwelle f\u00fcr quadratische Splines:<\/label>\n  <input type=\"number\" class=\"form-control\" id=\"qtres\" value=\"1\">\n<\/div>\n<div class=\"form-group\">\n  <label for=\"pathomit\">K\u00fcrzere Randknotenpfade werden zur Rauschreduzierung verworfen:<\/label>\n  <input type=\"number\" class=\"form-control\" id=\"pathomit\" value=\"8\">\n<\/div>\n<div class=\"form-check\">\n  <label class=\"form-check-label\">\n    <input type=\"checkbox\" class=\"form-check-input\" id=\"rightangleenhance\" value=\"true\">Ecken im rechten Winkel verbessern\n  <\/label>\n<\/div>\n<h4>Color quantization<\/h4>\n<div class=\"form-group\">\n  <label for=\"colorsampling\">Farbmuster:<\/label>\n  <select class=\"form-control\" id=\"colorsampling\">\n    <option value=\"0\">Deaktiviert, eine Palette erstellen<\/option>\n    <option value=\"1\">Stichproben<\/option>\n    <option value=\"2\" default=\"\">Deterministische Stichprobe<\/option>\n  <\/select>\n<\/div>\n<div class=\"form-group\">\n  <label for=\"numberofcolors\">Anzahl der Farben, die in der Palette verwendet werden sollen, wenn kein Pal-Objekt definiert ist:<\/label>\n  <input type=\"number\" class=\"form-control\" id=\"numberofcolors\" value=\"16\">\n<\/div>\n<div class=\"form-group\">\n  <label for=\"mincolorratio\">Bei der Farbquantisierung wird eine Farbe zuf\u00e4llig ausgew\u00e4hlt, wenn weniger Pixel als (Gesamtpixel * Minikorrelation) vorhanden sind:<\/label>\n  <input type=\"number\" class=\"form-control\" id=\"mincolorratio\" value=\"0\">\n<\/div>\n<div class=\"form-group\">\n  <label for=\"colorquantcycles\">Die Farbquantisierung wird so oft wiederholt:<\/label>\n  <input type=\"number\" class=\"form-control\" id=\"colorquantcycles\" value=\"3\">\n<\/div>\n<h4>Schichtung<\/h4>\n<div class=\"form-group\">\n  <label for=\"layering\">Layering:<\/label>\n  <select class=\"form-control\" id=\"layering\">\n    <option value=\"0\">Sequentiell<\/option>\n    <option value=\"1\">Parallel<\/option>\n  <\/select>\n<\/div>\n<h4>SVG-Rendering<\/h4>\n<div class=\"form-group\">\n  <label for=\"strokewidth><a target=\"_blank\" rel=\"noopener\">SVG Strichbreite:<\/label>\n  <input type=\"number\" class=\"form-control\" id=\"strokewidth\" value=\"1\">\n<\/div>\n<div class=\"form-check\">\n  <label class=\"form-check-label\">\n    <input type=\"checkbox\" class=\"form-check-input\" id=\"linefilter\">Aktivieren oder deaktivieren Sie den Netzfilter zur Rauschunterdr\u00fcckung<\/label>\n<\/div>\n<div class=\"form-group\">\n  <label for=\"scale\">Jede Koordinate wird mit dieser multipliziert, um die SVG zu skalieren:<\/label>\n  <input type=\"number\" class=\"form-control\" id=\"scale\" value=\"1\">\n<\/div>\n<div class=\"form-group\">\n  <label for=\"roundcoords\">Rundungskoordinaten auf eine bestimmte Dezimalstelle. 1 bedeutet auf 1 Dezimalstelle gerundet wie 7.3; 3 bedeutet auf 3 Stellen gerundet, wie 7.356:<\/label>\n  <input type=\"text\" class=\"form-control\" id=\"roundcoords\" value=\"1\">\n<\/div>\n<div class=\"form-check\">\n  <label class=\"form-check-label\">\n    <input type=\"checkbox\" class=\"form-check-input\" id=\"viewbox\">Aktivieren oder deaktivieren Sie die SVG-ViewBox\n  <\/label>\n<\/div>\n<div class=\"form-check\">\n  <label class=\"form-check-label\">\n    <input type=\"checkbox\" class=\"form-check-input\" id=\"desc\">Aktivieren oder deaktivieren Sie SVG-Beschreibungen\n  <\/label>\n<\/div>\n<h4>Blur preprocessing<\/h4>\n<div class=\"form-group\">\n  <label for=\"blurradius\">Stellen Sie diesen Wert f\u00fcr die Vorverarbeitung selektiver Gau\u00dfscher Unsch\u00e4rfen auf 1..5 ein:<\/label>\n  <input type=\"number\" class=\"form-control\" id=\"blurradius\" value=\"0\" min=\"0\" max=\"5\">\n<\/div>\n<div class=\"form-group\">\n  <label for=\"blurdelta\">RGBA-Delta-Schwelle f\u00fcr die Vorverarbeitung selektiver Gau\u00dfscher Unsch\u00e4rfen:<\/label>\n  <input type=\"number\" class=\"form-control\" id=\"blurdelta\" value=\"20\">\n<\/div>\n\n<p align=\"center\"><a id=\"generate\" class=\"btn btn-success\" href=\"#generate\" role=\"button\">Vorschau generieren<\/a><\/p>\n<\/div>\n<p align=\"center\"><a id=\"save\" class=\"btn btn-primary\" href=\"#\" role=\"button\">In voller Gr\u00f6\u00dfe generieren und Ergebnis herunterladen<\/a><\/p>\n\n<div class=\"row\" id=\"result\" style=\"display: none;\">\n<div class=\"col-md-6 text-center\">\n<canvas id=\"canvascontainer\"><\/canvas>  \n<\/div><div class=\"col-md-6 text-center\">          \n<div id=\"svgcontainer\"><\/div><\/div><\/div>\n<canvas id=\"canvas-full-container\"><\/canvas>  \n<div id=\"svg-full-container\"><\/div>\n<div class=\"row\"><div id=\"fbHolder\" class=\"col align-self-center\" style=\"text-align: center;padding-bottom: 20px;\"><\/div><\/div><br\/>\n\n\n\n<h3 class=\"wp-block-heading\">So konvertieren Sie JPG \/ PNG nach SVG Schritt f\u00fcr Schritt:<\/h3>\n\n\n\n<ul class=\"wp-block-list\"><li>Klicken Sie auf \u201eDurchsuchen\u201c, um JPG oder PNG auszuw\u00e4hlen, oder ziehen Sie es einfach in das Feld \u201eDatei ausw\u00e4hlen\u201c<\/li><li>Warten Sie, bis Ihr Bild hochgeladen und nachverfolgt wurde.<\/li><li>Stellen Sie sicher, dass Sie mit dem Ergebnis zufrieden sind<\/li><li>Klicken Sie auf die Schaltfl\u00e4che \u201eGenerate full size &amp; download result\u201c.<\/li><li>Warten Sie, bis die SVG-Datei vom Original konvertiert wurde.<\/li><\/ul>\n\n\n\n<p>Beachten Sie, dass keine Dateien auf einen Server hochgeladen werden.&nbsp;So k\u00f6nnen Sie das Ergebnis bequem selbst teilen.<\/p>\n\n\n\n<div class=\"wp-block-columns has-3-columns is-layout-flex wp-container-core-columns-is-layout-28f84493 wp-block-columns-is-layout-flex\">\n<div class=\"wp-block-column is-layout-flow wp-block-column-is-layout-flow\">\n<h4 class=\"has-text-align-center wp-block-heading\"> Einfach zu verwenden<\/h4>\n\n\n\n<p class=\"has-text-align-center\">W\u00e4hlen Sie einfach ein Bild auf Ihrem Computer aus oder ziehen Sie es, um die Konvertierung zu starten.&nbsp;Ja, das ist so einfach.&nbsp;Eine SVG-Vorschau wird erstellt, nachdem Ihr Bild in Ihren Browser hochgeladen wurde.<\/p>\n<\/div>\n\n\n\n<div class=\"wp-block-column is-layout-flow wp-block-column-is-layout-flow\">\n<h4 class=\"has-text-align-center wp-block-heading\">Schnellvorschau <\/h4>\n\n\n\n<p class=\"has-text-align-center\">Um die Tests zu beschleunigen, wird SVG aus einer Vorschau von 400 Pixeln generiert, mit der Sie das ungef\u00e4hre Ergebnis absch\u00e4tzen k\u00f6nnen.&nbsp;Sie erhalten fast sofort nach dem \u00c4ndern der Einstellungen eine Vorschau.<\/p>\n<\/div>\n\n\n\n<div class=\"wp-block-column is-layout-flow wp-block-column-is-layout-flow\">\n<h4 class=\"has-text-align-center wp-block-heading\"> Qualitatives Ergebnis <\/h4>\n\n\n\n<p class=\"has-text-align-center\">Wenn Sie die Ablaufverfolgung herunterladen, wird sie in voller Gr\u00f6\u00dfe erstellt, sodass Sie keine Details verlieren.&nbsp;Wir begrenzen die Gr\u00f6\u00dfe des Bildes nicht.<\/p>\n<\/div>\n<\/div>\n\n\n\n<div class=\"wp-block-columns has-3-columns is-layout-flex wp-container-core-columns-is-layout-28f84493 wp-block-columns-is-layout-flex\">\n<div class=\"wp-block-column is-layout-flow wp-block-column-is-layout-flow\">\n<h4 class=\"has-text-align-center wp-block-heading\"> Experimentiere und teile die Ergebnisse <\/h4>\n\n\n\n<p class=\"has-text-align-center\">Es gibt eine Vielzahl von Trace-Anwendungen. Wir machen das ohne Probleme. W\u00e4hlen Sie einfach die Datei aus, laden Sie sie hoch und laden Sie das Ergebnis herunter.<\/p>\n<\/div>\n\n\n\n<div class=\"wp-block-column is-layout-flow wp-block-column-is-layout-flow\">\n<h4 class=\"has-text-align-center wp-block-heading\"> F\u00fcr Anf\u00e4nger und Profis <\/h4>\n\n\n\n<p class=\"has-text-align-center\">Wir bieten diesen Service unver\u00e4ndert an.&nbsp;Es ist v\u00f6llig kostenlos, aber Sie k\u00f6nnen eine kleine Spende machen, wenn wir Ihre Zeit sparen.<\/p>\n<\/div>\n\n\n\n<div class=\"wp-block-column is-layout-flow wp-block-column-is-layout-flow\">\n<h4 class=\"has-text-align-center wp-block-heading\"> Sie m\u00fcssen keine Software herunterladen <\/h4>\n\n\n\n<p class=\"has-text-align-center\">Wir ben\u00f6tigen Ihre E-Mail-Adresse, Ihren Namen, Ihren Standort oder sonstige personenbezogene Daten nicht.&nbsp;Wir erheben nur unpers\u00f6nliche Besucherdaten.<\/p>\n<\/div>\n<\/div>\n\n\n\n<div class=\"wp-block-columns has-3-columns is-layout-flex wp-container-core-columns-is-layout-28f84493 wp-block-columns-is-layout-flex\">\n<div class=\"wp-block-column is-layout-flow wp-block-column-is-layout-flow\">\n<h4 class=\"has-text-align-center wp-block-heading\"> V\u00f6llig kostenlos<\/h4>\n\n\n\n<p class=\"has-text-align-center\">Wir bieten diesen Service unver\u00e4ndert an.&nbsp;Es ist v\u00f6llig kostenlos, aber Sie k\u00f6nnen eine kleine Spende machen, wenn wir Ihre Zeit sparen.<\/p>\n<\/div>\n\n\n\n<div class=\"wp-block-column is-layout-flow wp-block-column-is-layout-flow\">\n<h4 class=\"has-text-align-center wp-block-heading\"> Sag keine Registrierung <\/h4>\n\n\n\n<p class=\"has-text-align-center\">Wir ben\u00f6tigen Ihre E-Mail-Adresse, Ihren Namen, Ihren Standort oder sonstige personenbezogene Daten nicht.&nbsp;Wir erheben nur unpers\u00f6nliche Besucherdaten.<\/p>\n<\/div>\n\n\n\n<div class=\"wp-block-column is-layout-flow wp-block-column-is-layout-flow\">\n<h4 class=\"has-text-align-center wp-block-heading\"> Bewahren Sie Ihre Dateien sicher auf.<\/h4>\n\n\n\n<p class=\"has-text-align-center\">Wir laden Ihre Dateien nicht zur Konvertierung auf den Server hoch.&nbsp;Alles passiert in Ihrem Browser.<\/p>\n<\/div>\n<\/div>\n\n\n\n<h3 class=\"wp-block-heading\">Fragen und Antworten<\/h3>\n\n\n\n<h5 class=\"wp-block-heading\">F: Was kann ich mit diesem Service machen?<\/h5>\n\n\n\n<p>Sie k\u00f6nnen Ihre JPEG- oder PNG-Bilder auf das SVG-Vektorformat zur\u00fcckf\u00fchren.<\/p>\n\n\n\n<h5 class=\"wp-block-heading\">F: Welche Bildformate kann ich zur Konvertierung hochladen?<\/h5>\n\n\n\n<p>Derzeit werden JPEG- und PNG-Bilder unterst\u00fctzt.<\/p>\n\n\n\n<h5 class=\"wp-block-heading\">F: In welche Bildformate kann ich konvertieren?<\/h5>\n\n\n\n<p>Dieser Konverter unterst\u00fctzt nur SVG.&nbsp;Sie k\u00f6nnen jedoch den&nbsp;<a href=\"https:\/\/online-converting.com\/vectorize\/\">Online-Vektorkonverter verwenden<\/a>&nbsp;, um SVG in ein beliebiges anderes Vektorformat zu konvertieren, z. B. SVG in PDF.<\/p>\n\n\n\n<h5 class=\"wp-block-heading\">F: Was ist SVG?<\/h5>\n\n\n\n<p>SVG (Scalable Vector Graphics) ist eine skalierbare Vektorgrafiksprache, die vom World Wide Web Consortium (W3C) erstellt wurde und auf dem XML-Format basiert und zur Beschreibung von 2D-Vektoren und gemischten Vektor- \/ Raster-Grafiken dient.&nbsp;Unterst\u00fctzt sowohl feste als auch animierte interaktive Grafiken - oder anders ausgedr\u00fcckt deklarative Grafiken und Skriptgrafiken.&nbsp;Dies ist ein offener Standard, der vom W3C-Konsortium empfohlen wird.&nbsp;Es wurde seit 1999 entwickelt. Im Jahr 2001 wurde Version 1.0 ver\u00f6ffentlicht, im Jahr 2011 - Version 1.1, die derzeit g\u00fcltig ist.<\/p>\n\n\n\n<h5 class=\"wp-block-heading\">F: Warum brauche ich \u00fcberhaupt SVG?<\/h5>\n\n\n\n<p>Da das SVG-Format ge\u00f6ffnet ist und zur Verwendung empfohlen wird, ist dieses Format die beste Option f\u00fcr die Arbeit mit dem Vektor.&nbsp;Hier sind einige seiner Vorteile:<\/p>\n\n\n\n<ul class=\"wp-block-list\"><li>Kleine Dateigr\u00f6\u00dfen.&nbsp;Und da es von Natur aus textbasiert ist, k\u00f6nnen Sie gute Komprimierungsergebnisse erzielen.<\/li><li>Jeder Vektor ist gut skaliert, sodass Ihre Grafiken auf jedem Bildschirm gut aussehen.<\/li><li>Eine gro\u00dfe Anzahl von Filtern wird unterst\u00fctzt und Sie k\u00f6nnen interaktive Elemente verwenden.&nbsp;All dies f\u00fchrt zu einem einzigartigen SVG-Format.<\/li><\/ul>\n\n\n\n<h5 class=\"wp-block-heading\">F: Was ist die R\u00fcckverfolgung?<\/h5>\n\n\n\n<p>Tracing oder \u201eVektorisierung\u201c ist die Umwandlung eines Bildes von einer Raster-Darstellung in eine Vektor-Darstellung.&nbsp;Es gibt eine gro\u00dfe Anzahl von bezahlten und kostenlosen Tracern, die sowohl offline als auch online arbeiten.&nbsp;Wir versuchen, die flexibelsten Schnittstellen f\u00fcr die Konvertierung bereitzustellen.<\/p>\n\n\n\n<h5 class=\"wp-block-heading\">F: Wenn die Vektorisierung verwendet wird<\/h5>\n\n\n\n<p>Sie wird in der Regel verwendet, wenn das Rasterbild zur Verarbeitung in den Vektorgrafik-Editor \u00fcbertragen werden muss.&nbsp;Grunds\u00e4tzlich wird die Vektorisierung verwendet, um die Bildqualit\u00e4t (z. B. ein Logo) zu verbessern und ein Bild zu erstellen, das ohne Qualit\u00e4tsverlust skaliert werden kann, wenn die weitere Bildverarbeitung auf speziellen Ger\u00e4ten wie Plottern oder CNC-Maschinen durchgef\u00fchrt wird.<\/p>\n\n\n\n<h5 class=\"wp-block-heading\">F: Was mache ich als n\u00e4chstes, wenn ich eine sehr gro\u00dfe SVG-Datei habe?<\/h5>\n\n\n\n<p>Versuchen Sie zun\u00e4chst verschiedene Einstellungen.<\/p>\n\n\n\n<p>Normalerweise wird die riesige Gr\u00f6\u00dfe nur auf fotografischen Bildern erhalten.&nbsp;Aber wenn die Gr\u00f6\u00dfe nicht zu Ihnen passt, versuchen Sie zun\u00e4chst, eine Optimierung durchzuf\u00fchren.&nbsp;Daf\u00fcr haben wir einen tollen Service:&nbsp;<a href=\"https:\/\/svg-converter.com\/de\/minify\">SVG-Optimierung<\/a>.<\/p>\n\n\n\n<h5 class=\"wp-block-heading\">F: Was ist JPEG?<\/h5>\n\n\n\n<p>JPEG (.jpg oder .jpeg. Dateierweiterung) bezeichnet die Joint Photography Experts Group, die nach dem Ausschuss benannt ist, der sie erstellt hat.&nbsp;Dies ist aufgrund seiner Komprimierungsf\u00e4higkeit zum heutigen Standardbild geworden.&nbsp;Es ist immer noch ein beliebtes Online-Bildformat, das h\u00e4ufig f\u00fcr Fotos und andere Arten von Bildern verwendet wird.<\/p>\n\n\n\n<h5 class=\"wp-block-heading\">F: Was ist PNG?<\/h5>\n\n\n\n<p>Das PNG-Format (Portable Network Graphics) wurde entwickelt, um das alte und einfachere GIF-Format und bis zu einem gewissen Grad das wesentlich komplexere TIFF-Format zu ersetzen.&nbsp;PNG ist ein offenes Dateiformat zum verlustfreien Speichern von Rasterbildern.&nbsp;PNG bietet einen patentfreien Ersatz f\u00fcr GIF und kann auch viele g\u00e4ngige TIFF-Anwendungen ersetzen.&nbsp;Unterst\u00fctzt werden indizierte, Graustufen- und Echtfarbenbilder sowie ein zus\u00e4tzlicher Alphakanal f\u00fcr Transparenz.<\/p>\n","protected":false},"excerpt":{"rendered":"Datei w\u00e4hlen Option Voreinstellungen: Standard Posterized1 Posterized2 Posterized3 Curvy Sharp Detailed Smoothed Grayscale Fixedpalette Randomsampling1 Randomsampling2 Artistic1 Artistic2 Artistic3 Artistic4 Anpassen Tracing Fehlerschwelle f\u00fcr gerade Linien: Fehlerschwelle f\u00fcr quadratische Splines: K\u00fcrzere Randknotenpfade werden zur Rauschreduzierung verworfen: Ecken im rechten Winkel verbessern Color quantization Farbmuster: Deaktiviert, eine Palette erstellen Stichproben Deterministische Stichprobe Anzahl der Farben, die [&hellip;]","protected":false},"author":1,"featured_media":0,"parent":0,"menu_order":0,"comment_status":"closed","ping_status":"open","template":"page-templates\/no-sidebar.php","meta":{"_uag_custom_page_level_css":"","site-sidebar-layout":"default","site-content-layout":"","ast-site-content-layout":"default","site-content-style":"default","site-sidebar-style":"default","ast-global-header-display":"","ast-banner-title-visibility":"","ast-main-header-display":"","ast-hfb-above-header-display":"","ast-hfb-below-header-display":"","ast-hfb-mobile-header-display":"","site-post-title":"","ast-breadcrumbs-content":"","ast-featured-img":"","footer-sml-layout":"","ast-disable-related-posts":"","theme-transparent-header-meta":"","adv-header-id-meta":"","stick-header-meta":"","header-above-stick-meta":"","header-main-stick-meta":"","header-below-stick-meta":"","astra-migrate-meta-layouts":"default","ast-page-background-enabled":"default","ast-page-background-meta":{"desktop":{"background-color":"","background-image":"","background-repeat":"repeat","background-position":"center center","background-size":"auto","background-attachment":"scroll","background-type":"","background-media":"","overlay-type":"","overlay-color":"","overlay-opacity":"","overlay-gradient":""},"tablet":{"background-color":"","background-image":"","background-repeat":"repeat","background-position":"center center","background-size":"auto","background-attachment":"scroll","background-type":"","background-media":"","overlay-type":"","overlay-color":"","overlay-opacity":"","overlay-gradient":""},"mobile":{"background-color":"","background-image":"","background-repeat":"repeat","background-position":"center center","background-size":"auto","background-attachment":"scroll","background-type":"","background-media":"","overlay-type":"","overlay-color":"","overlay-opacity":"","overlay-gradient":""}},"ast-content-background-meta":{"desktop":{"background-color":"var(--ast-global-color-5)","background-image":"","background-repeat":"repeat","background-position":"center center","background-size":"auto","background-attachment":"scroll","background-type":"","background-media":"","overlay-type":"","overlay-color":"","overlay-opacity":"","overlay-gradient":""},"tablet":{"background-color":"var(--ast-global-color-5)","background-image":"","background-repeat":"repeat","background-position":"center center","background-size":"auto","background-attachment":"scroll","background-type":"","background-media":"","overlay-type":"","overlay-color":"","overlay-opacity":"","overlay-gradient":""},"mobile":{"background-color":"var(--ast-global-color-5)","background-image":"","background-repeat":"repeat","background-position":"center center","background-size":"auto","background-attachment":"scroll","background-type":"","background-media":"","overlay-type":"","overlay-color":"","overlay-opacity":"","overlay-gradient":""}},"footnotes":""},"class_list":["post-8","page","type-page","status-publish","hentry"],"yoast_head":"<!-- This site is optimized with the Yoast SEO plugin v27.4 - https:\/\/yoast.com\/product\/yoast-seo-wordpress\/ -->\n<title>Kostenloser Online-SVG-Konverter. Bild in SVG konvertieren<\/title>\n<meta name=\"description\" content=\"Online-SVG-Konverter - eine einfache M\u00f6glichkeit, online in SVG zu konvertieren (z. B. PNG in SVG, JPG in SVG). Keine Installation erforderlich.\" \/>\n<meta name=\"robots\" content=\"index, follow, max-snippet:-1, max-image-preview:large, max-video-preview:-1\" \/>\n<link rel=\"canonical\" href=\"https:\/\/svg-converter.com\/de\/\" \/>\n<meta property=\"og:locale\" content=\"de_DE\" \/>\n<meta property=\"og:type\" content=\"article\" \/>\n<meta property=\"og:title\" content=\"Kostenloser Online-SVG-Konverter. Bild in SVG konvertieren\" \/>\n<meta property=\"og:description\" content=\"Online-SVG-Konverter - eine einfache M\u00f6glichkeit, online in SVG zu konvertieren (z. B. PNG in SVG, JPG in SVG). Keine Installation erforderlich.\" \/>\n<meta property=\"og:url\" content=\"https:\/\/svg-converter.com\/de\/\" \/>\n<meta property=\"og:site_name\" content=\"SVG-Konverter\" \/>\n<meta property=\"article:modified_time\" content=\"2021-01-14T17:07:25+00:00\" \/>\n<meta name=\"twitter:card\" content=\"summary_large_image\" \/>\n<meta name=\"twitter:label1\" content=\"Gesch\u00e4tzte Lesezeit\" \/>\n\t<meta name=\"twitter:data1\" content=\"5\u00a0Minuten\" \/>\n<script type=\"application\/ld+json\" class=\"yoast-schema-graph\">{\"@context\":\"https:\\\/\\\/schema.org\",\"@graph\":[{\"@type\":\"WebPage\",\"@id\":\"https:\\\/\\\/svg-converter.com\\\/de\\\/\",\"url\":\"https:\\\/\\\/svg-converter.com\\\/de\\\/\",\"name\":\"Kostenloser Online-SVG-Konverter. Bild in SVG konvertieren\",\"isPartOf\":{\"@id\":\"https:\\\/\\\/svg-converter.com\\\/de\\\/#website\"},\"datePublished\":\"2019-07-14T17:12:19+00:00\",\"dateModified\":\"2021-01-14T17:07:25+00:00\",\"description\":\"Online-SVG-Konverter - eine einfache M\u00f6glichkeit, online in SVG zu konvertieren (z. B. PNG in SVG, JPG in SVG). Keine Installation erforderlich.\",\"inLanguage\":\"de\",\"potentialAction\":[{\"@type\":\"ReadAction\",\"target\":[\"https:\\\/\\\/svg-converter.com\\\/de\\\/\"]}]},{\"@type\":\"WebSite\",\"@id\":\"https:\\\/\\\/svg-converter.com\\\/de\\\/#website\",\"url\":\"https:\\\/\\\/svg-converter.com\\\/de\\\/\",\"name\":\"SVG-Konverter\",\"description\":\"\",\"potentialAction\":[{\"@type\":\"SearchAction\",\"target\":{\"@type\":\"EntryPoint\",\"urlTemplate\":\"https:\\\/\\\/svg-converter.com\\\/de\\\/?s={search_term_string}\"},\"query-input\":{\"@type\":\"PropertyValueSpecification\",\"valueRequired\":true,\"valueName\":\"search_term_string\"}}],\"inLanguage\":\"de\"}]}<\/script>\n<!-- \/ Yoast SEO plugin. -->","yoast_head_json":{"title":"Kostenloser Online-SVG-Konverter. Bild in SVG konvertieren","description":"Online-SVG-Konverter - eine einfache M\u00f6glichkeit, online in SVG zu konvertieren (z. B. PNG in SVG, JPG in SVG). Keine Installation erforderlich.","robots":{"index":"index","follow":"follow","max-snippet":"max-snippet:-1","max-image-preview":"max-image-preview:large","max-video-preview":"max-video-preview:-1"},"canonical":"https:\/\/svg-converter.com\/de\/","og_locale":"de_DE","og_type":"article","og_title":"Kostenloser Online-SVG-Konverter. Bild in SVG konvertieren","og_description":"Online-SVG-Konverter - eine einfache M\u00f6glichkeit, online in SVG zu konvertieren (z. B. PNG in SVG, JPG in SVG). Keine Installation erforderlich.","og_url":"https:\/\/svg-converter.com\/de\/","og_site_name":"SVG-Konverter","article_modified_time":"2021-01-14T17:07:25+00:00","twitter_card":"summary_large_image","twitter_misc":{"Gesch\u00e4tzte Lesezeit":"5\u00a0Minuten"},"schema":{"@context":"https:\/\/schema.org","@graph":[{"@type":"WebPage","@id":"https:\/\/svg-converter.com\/de\/","url":"https:\/\/svg-converter.com\/de\/","name":"Kostenloser Online-SVG-Konverter. Bild in SVG konvertieren","isPartOf":{"@id":"https:\/\/svg-converter.com\/de\/#website"},"datePublished":"2019-07-14T17:12:19+00:00","dateModified":"2021-01-14T17:07:25+00:00","description":"Online-SVG-Konverter - eine einfache M\u00f6glichkeit, online in SVG zu konvertieren (z. B. PNG in SVG, JPG in SVG). Keine Installation erforderlich.","inLanguage":"de","potentialAction":[{"@type":"ReadAction","target":["https:\/\/svg-converter.com\/de\/"]}]},{"@type":"WebSite","@id":"https:\/\/svg-converter.com\/de\/#website","url":"https:\/\/svg-converter.com\/de\/","name":"SVG-Konverter","description":"","potentialAction":[{"@type":"SearchAction","target":{"@type":"EntryPoint","urlTemplate":"https:\/\/svg-converter.com\/de\/?s={search_term_string}"},"query-input":{"@type":"PropertyValueSpecification","valueRequired":true,"valueName":"search_term_string"}}],"inLanguage":"de"}]}},"uagb_featured_image_src":{"full":false,"thumbnail":false,"medium":false,"medium_large":false,"large":false,"1536x1536":false,"2048x2048":false},"uagb_author_info":{"display_name":"admin","author_link":"https:\/\/svg-converter.com\/de\/blog\/author\/admin"},"uagb_comment_info":0,"uagb_excerpt":"Datei w\u00e4hlen Option Voreinstellungen: Standard Posterized1 Posterized2 Posterized3 Curvy Sharp Detailed Smoothed Grayscale Fixedpalette Randomsampling1 Randomsampling2 Artistic1 Artistic2 Artistic3 Artistic4 Anpassen Tracing Fehlerschwelle f\u00fcr gerade Linien: Fehlerschwelle f\u00fcr quadratische Splines: K\u00fcrzere Randknotenpfade werden zur Rauschreduzierung verworfen: Ecken im rechten Winkel verbessern Color quantization Farbmuster: Deaktiviert, eine Palette erstellen Stichproben Deterministische Stichprobe Anzahl der Farben, die&hellip;","_links":{"self":[{"href":"https:\/\/svg-converter.com\/de\/wp-json\/wp\/v2\/pages\/8","targetHints":{"allow":["GET"]}}],"collection":[{"href":"https:\/\/svg-converter.com\/de\/wp-json\/wp\/v2\/pages"}],"about":[{"href":"https:\/\/svg-converter.com\/de\/wp-json\/wp\/v2\/types\/page"}],"author":[{"embeddable":true,"href":"https:\/\/svg-converter.com\/de\/wp-json\/wp\/v2\/users\/1"}],"replies":[{"embeddable":true,"href":"https:\/\/svg-converter.com\/de\/wp-json\/wp\/v2\/comments?post=8"}],"version-history":[{"count":8,"href":"https:\/\/svg-converter.com\/de\/wp-json\/wp\/v2\/pages\/8\/revisions"}],"predecessor-version":[{"id":171,"href":"https:\/\/svg-converter.com\/de\/wp-json\/wp\/v2\/pages\/8\/revisions\/171"}],"wp:attachment":[{"href":"https:\/\/svg-converter.com\/de\/wp-json\/wp\/v2\/media?parent=8"}],"curies":[{"name":"wp","href":"https:\/\/api.w.org\/{rel}","templated":true}]}}